{"id":140,"date":"2019-10-10T20:39:57","date_gmt":"2019-10-10T23:39:57","guid":{"rendered":"https:\/\/selfdigital.com.br\/?page_id=140"},"modified":"2024-07-31T15:33:00","modified_gmt":"2024-07-31T18:33:00","slug":"sobre-nos","status":"publish","type":"page","link":"https:\/\/selfdigital.com.br\/en\/sobre-nos","title":{"rendered":"About Us"},"content":{"rendered":"<html><body><p>Welcome to Digital Self!<\/p>\n\n\n\n<p>At Self Digital, we believe in the power of digital transformation and the positive impact it can have on all aspects of life. Our goal is to provide information, tips and insights on how technology can improve your routine, whether at work, studies or everyday life.<\/p>\n\n\n\n<h3 class=\"wp-block-heading\">Our mission<\/h3>\n\n\n\n<p>Our mission is to empower our readers with knowledge about the latest trends and digital tools. We want to help you make the most of technological innovations by making them accessible and understandable for everyone.<\/p>\n\n\n\n<h3 class=\"wp-block-heading\">What We Offer<\/h3>\n\n\n\n<ul class=\"wp-block-list\">\n<li><strong>Quality Contents:<\/strong> Well-researched articles written by experts in the field.<\/li>\n\n\n\n<li><strong>Tutorials and Guides:<\/strong> Step by step guide to help you master new tools and technologies.<\/li>\n\n\n\n<li><strong>News and Updates:<\/strong> Stay up to date with the latest news in the digital world.<\/li>\n\n\n\n<li><strong>Community:<\/strong> Participate in discussions and exchange experiences with other technology enthusiasts.<\/li>\n<\/ul>\n\n\n\n<h3 class=\"wp-block-heading\">Our team<\/h3>\n\n\n\n<p>Our team is made up of people passionate about technology and innovation. Each member brings a unique and specialized perspective, ensuring our content is diverse and relevant.<\/p>\n\n\n\n<h3 class=\"wp-block-heading\">Join us<\/h3>\n\n\n\n<p>We are here to help you navigate the digital universe in an efficient and informed way. Follow us on social media, subscribe to our newsletter and don&#039;t miss any important updates.<\/p>\n\n\n\n<p>Thank you for being part of the Self Digital community!<\/p>\n<\/body><\/html>","protected":false},"excerpt":{"rendered":"<p>Bem-vindo ao Self Digital! No Self Digital, acreditamos no poder da transforma\u00e7\u00e3o digital e no impacto positivo que ela pode ter em todos os aspectos da vida. Nosso objetivo \u00e9 fornecer informa\u00e7\u00f5es, dicas e insights sobre como a tecnologia pode melhorar sua rotina, seja no trabalho, nos estudos ou no dia a dia. Nossa Miss\u00e3o [&hellip;]<\/p>","protected":false},"author":1,"featured_media":0,"parent":0,"menu_order":0,"comment_status":"closed","ping_status":"closed","template":"","meta":{"footnotes":""},"class_list":["post-140","page","type-page","status-publish","hentry"],"yoast_head":"<!-- This site is optimized with the Yoast SEO plugin v26.8 - https:\/\/yoast.com\/product\/yoast-seo-wordpress\/ -->\n<title>Sobre N\u00f3s - Self Digital<\/title>\n<meta name=\"description\" content=\"No Self Digital, acreditamos no poder da transforma\u00e7\u00e3o digital e no impacto positivo que ela pode ter em todos os aspectos da vida.\" \/>\n<meta name=\"robots\" content=\"index, nofollow, max-snippet:-1, max-image-preview:large, max-video-preview:-1\" \/>\n<link rel=\"canonical\" href=\"https:\/\/selfdigital.com.br\/en\/sobre-nos\/\" \/>\n<meta property=\"og:locale\" content=\"en_US\" \/>\n<meta property=\"og:type\" content=\"article\" \/>\n<meta property=\"og:title\" content=\"Sobre N\u00f3s - Self Digital\" \/>\n<meta property=\"og:description\" content=\"No Self Digital, acreditamos no poder da transforma\u00e7\u00e3o digital e no impacto positivo que ela pode ter em todos os aspectos da vida.\" \/>\n<meta property=\"og:url\" content=\"https:\/\/selfdigital.com.br\/en\/sobre-nos\/\" \/>\n<meta property=\"og:site_name\" content=\"Self Digital\" \/>\n<meta property=\"article:modified_time\" content=\"2024-07-31T18:33:00+00:00\" \/>\n<meta name=\"twitter:card\" content=\"summary_large_image\" \/>\n<meta name=\"twitter:label1\" content=\"Est. reading time\" \/>\n\t<meta name=\"twitter:data1\" content=\"1 minute\" \/>\n<script type=\"application\/ld+json\" class=\"yoast-schema-graph\">{\"@context\":\"https:\/\/schema.org\",\"@graph\":[{\"@type\":\"WebPage\",\"@id\":\"https:\/\/selfdigital.com.br\/sobre-nos\",\"url\":\"https:\/\/selfdigital.com.br\/sobre-nos\",\"name\":\"Sobre N\u00f3s - Self Digital\",\"isPartOf\":{\"@id\":\"https:\/\/selfdigital.com.br\/#website\"},\"datePublished\":\"2019-10-10T23:39:57+00:00\",\"dateModified\":\"2024-07-31T18:33:00+00:00\",\"description\":\"No Self Digital, acreditamos no poder da transforma\u00e7\u00e3o digital e no impacto positivo que ela pode ter em todos os aspectos da vida.\",\"breadcrumb\":{\"@id\":\"https:\/\/selfdigital.com.br\/sobre-nos#breadcrumb\"},\"inLanguage\":\"en-US\",\"potentialAction\":[{\"@type\":\"ReadAction\",\"target\":[\"https:\/\/selfdigital.com.br\/sobre-nos\"]}]},{\"@type\":\"BreadcrumbList\",\"@id\":\"https:\/\/selfdigital.com.br\/sobre-nos#breadcrumb\",\"itemListElement\":[{\"@type\":\"ListItem\",\"position\":1,\"name\":\"In\u00edcio\",\"item\":\"https:\/\/selfdigital.com.br\/\"},{\"@type\":\"ListItem\",\"position\":2,\"name\":\"Sobre N\u00f3s\"}]},{\"@type\":\"WebSite\",\"@id\":\"https:\/\/selfdigital.com.br\/#website\",\"url\":\"https:\/\/selfdigital.com.br\/\",\"name\":\"Self Digital\",\"description\":\"Um Portal Com Dicas de Finan\u00e7as, Aplicativos e Esporte Para Voc\u00ea\",\"publisher\":{\"@id\":\"https:\/\/selfdigital.com.br\/#organization\"},\"potentialAction\":[{\"@type\":\"SearchAction\",\"target\":{\"@type\":\"EntryPoint\",\"urlTemplate\":\"https:\/\/selfdigital.com.br\/?s={search_term_string}\"},\"query-input\":{\"@type\":\"PropertyValueSpecification\",\"valueRequired\":true,\"valueName\":\"search_term_string\"}}],\"inLanguage\":\"en-US\"},{\"@type\":\"Organization\",\"@id\":\"https:\/\/selfdigital.com.br\/#organization\",\"name\":\"Self Digital\",\"url\":\"https:\/\/selfdigital.com.br\/\",\"logo\":{\"@type\":\"ImageObject\",\"inLanguage\":\"en-US\",\"@id\":\"https:\/\/selfdigital.com.br\/#\/schema\/logo\/image\/\",\"url\":\"https:\/\/selfdigital.com.br\/wp-content\/uploads\/2022\/04\/cropped-logo-Final.gif\",\"contentUrl\":\"https:\/\/selfdigital.com.br\/wp-content\/uploads\/2022\/04\/cropped-logo-Final.gif\",\"width\":300,\"height\":90,\"caption\":\"Self Digital\"},\"image\":{\"@id\":\"https:\/\/selfdigital.com.br\/#\/schema\/logo\/image\/\"}}]}<\/script>\n<!-- \/ Yoast SEO plugin. -->","yoast_head_json":{"title":"Sobre N\u00f3s - Self Digital","description":"No Self Digital, acreditamos no poder da transforma\u00e7\u00e3o digital e no impacto positivo que ela pode ter em todos os aspectos da vida.","robots":{"index":"index","follow":"nofollow","max-snippet":"max-snippet:-1","max-image-preview":"max-image-preview:large","max-video-preview":"max-video-preview:-1"},"canonical":"https:\/\/selfdigital.com.br\/en\/sobre-nos\/","og_locale":"en_US","og_type":"article","og_title":"Sobre N\u00f3s - Self Digital","og_description":"No Self Digital, acreditamos no poder da transforma\u00e7\u00e3o digital e no impacto positivo que ela pode ter em todos os aspectos da vida.","og_url":"https:\/\/selfdigital.com.br\/en\/sobre-nos\/","og_site_name":"Self Digital","article_modified_time":"2024-07-31T18:33:00+00:00","twitter_card":"summary_large_image","twitter_misc":{"Est. reading time":"1 minute"},"schema":{"@context":"https:\/\/schema.org","@graph":[{"@type":"WebPage","@id":"https:\/\/selfdigital.com.br\/sobre-nos","url":"https:\/\/selfdigital.com.br\/sobre-nos","name":"Sobre N\u00f3s - Self Digital","isPartOf":{"@id":"https:\/\/selfdigital.com.br\/#website"},"datePublished":"2019-10-10T23:39:57+00:00","dateModified":"2024-07-31T18:33:00+00:00","description":"No Self Digital, acreditamos no poder da transforma\u00e7\u00e3o digital e no impacto positivo que ela pode ter em todos os aspectos da vida.","breadcrumb":{"@id":"https:\/\/selfdigital.com.br\/sobre-nos#breadcrumb"},"inLanguage":"en-US","potentialAction":[{"@type":"ReadAction","target":["https:\/\/selfdigital.com.br\/sobre-nos"]}]},{"@type":"BreadcrumbList","@id":"https:\/\/selfdigital.com.br\/sobre-nos#breadcrumb","itemListElement":[{"@type":"ListItem","position":1,"name":"In\u00edcio","item":"https:\/\/selfdigital.com.br\/"},{"@type":"ListItem","position":2,"name":"Sobre N\u00f3s"}]},{"@type":"WebSite","@id":"https:\/\/selfdigital.com.br\/#website","url":"https:\/\/selfdigital.com.br\/","name":"Digital Self","description":"A Portal With Finance Tips, Apps and Sports For You","publisher":{"@id":"https:\/\/selfdigital.com.br\/#organization"},"potentialAction":[{"@type":"SearchAction","target":{"@type":"EntryPoint","urlTemplate":"https:\/\/selfdigital.com.br\/?s={search_term_string}"},"query-input":{"@type":"PropertyValueSpecification","valueRequired":true,"valueName":"search_term_string"}}],"inLanguage":"en-US"},{"@type":"Organization","@id":"https:\/\/selfdigital.com.br\/#organization","name":"Digital Self","url":"https:\/\/selfdigital.com.br\/","logo":{"@type":"ImageObject","inLanguage":"en-US","@id":"https:\/\/selfdigital.com.br\/#\/schema\/logo\/image\/","url":"https:\/\/selfdigital.com.br\/wp-content\/uploads\/2022\/04\/cropped-logo-Final.gif","contentUrl":"https:\/\/selfdigital.com.br\/wp-content\/uploads\/2022\/04\/cropped-logo-Final.gif","width":300,"height":90,"caption":"Self Digital"},"image":{"@id":"https:\/\/selfdigital.com.br\/#\/schema\/logo\/image\/"}}]}},"_links":{"self":[{"href":"https:\/\/selfdigital.com.br\/en\/wp-json\/wp\/v2\/pages\/140","targetHints":{"allow":["GET"]}}],"collection":[{"href":"https:\/\/selfdigital.com.br\/en\/wp-json\/wp\/v2\/pages"}],"about":[{"href":"https:\/\/selfdigital.com.br\/en\/wp-json\/wp\/v2\/types\/page"}],"author":[{"embeddable":true,"href":"https:\/\/selfdigital.com.br\/en\/wp-json\/wp\/v2\/users\/1"}],"replies":[{"embeddable":true,"href":"https:\/\/selfdigital.com.br\/en\/wp-json\/wp\/v2\/comments?post=140"}],"version-history":[{"count":2,"href":"https:\/\/selfdigital.com.br\/en\/wp-json\/wp\/v2\/pages\/140\/revisions"}],"predecessor-version":[{"id":6544,"href":"https:\/\/selfdigital.com.br\/en\/wp-json\/wp\/v2\/pages\/140\/revisions\/6544"}],"wp:attachment":[{"href":"https:\/\/selfdigital.com.br\/en\/wp-json\/wp\/v2\/media?parent=140"}],"curies":[{"name":"wp","href":"https:\/\/api.w.org\/{rel}","templated":true}]}}