{"id":142,"date":"2019-10-10T20:41:06","date_gmt":"2019-10-10T23:41:06","guid":{"rendered":"https:\/\/selfdigital.com.br\/?page_id=142"},"modified":"2024-07-31T15:54:27","modified_gmt":"2024-07-31T18:54:27","slug":"politica-de-privacidade","status":"publish","type":"page","link":"https:\/\/selfdigital.com.br\/en\/politica-de-privacidade","title":{"rendered":"Cookies and Privacy Policies"},"content":{"rendered":"<html><body><h2 class=\"wp-block-heading\">Privacy policy for Self Digital<\/h2>\n\n\n\n<p>This site uses advertising cookies including Google use cookies to serve ads based on a user&#039;s previous visits to your website or other websites.<\/p>\n\n\n\n<p>Using advertising cookies, Google and its partners may serve ads to users based on visits to their sites and\/or other sites on the Internet.<\/p>\n\n\n\n<p>You can opt out of personalized advertising by visiting the\u00a0<a href=\"https:\/\/www.google.com\/settings\/ads\">Ad Settings<\/a>. Alternatively, you can access the website\u00a0<a href=\"http:\/\/www.aboutads.info\/choices\/\">www.aboutads.info<\/a>\u00a0to disable the use of third-party personalized advertising cookies.<\/p>\n\n\n\n<p>All of your personal information collected will be used to help make your visit to our website as productive and enjoyable as possible.<\/p>\n\n\n\n<p>Ensuring the confidentiality of the personal data of users of our website is important for the <b>Digital Self<\/b>.<\/p>\n\n\n\n<p>All personal information relating to members, subscribers, customers or visitors who use the <b>Digital Self<\/b>\u00a0will be treated in accordance with the Personal Data Protection Law of October 26, 1998 (Law No. 67\/98).<\/p>\n\n\n\n<p>The personal information collected may include your name, email, telephone and\/or cell phone number, address, date of birth and\/or others.<\/p>\n\n\n\n<p>Blog usage\/navigation <b>Digital Self<\/b> presupposes acceptance of this privacy agreement. The team at <b>Digital Self<\/b>\u00a0reserves the right to change this agreement without prior notice. Therefore, we recommend that you consult our privacy policy regularly so that you are always up to date.<\/p>\n\n\n\n<h2 class=\"wp-block-heading\">The ads<\/h2>\n\n\n\n<p>Like other websites, we collect and use information contained in advertisements. The information contained in the advertisements includes your IP (Internet Protocol) address, your ISP (Internet Service Provider, such as Sapo, Clix, or another), the browser you used when visiting our website (such as Internet Explorer or Firefox), the time of your visit and which pages you visited within our website.<\/p>\n\n\n\n<h2 class=\"wp-block-heading\">DoubleClick Dart Cookie<\/h2>\n\n\n\n<p>Google, as a third-party vendor, uses cookies to serve ads on our website;<\/p>\n\n\n\n<p>With the DART cookie, Google can serve ads based on your visits to other websites on the Internet;<\/p>\n\n\n\n<p>Users may disable the DART cookie by visiting the Google ad and content network Privacy Policy.<\/p>\n\n\n\n<h2 class=\"wp-block-heading\">Cookies and Web Beacons<\/h2>\n\n\n\n<p>We use cookies to store information, such as your personal preferences when you visit our website. This may include a simple popup, or a link to various services we provide, such as forums.<\/p>\n\n\n\n<p>In addition, we also use third-party advertising on our website to support maintenance costs. Some of these advertisers may use technologies such as cookies and\/or web beacons when they advertise on our website, which will mean that these advertisers (such as Google through Google AdSense) will also receive your personal information, such as your IP address, your ISP, your browser, etc. This function is generally used for geotargeting (showing Lisbon advertising only to readers from Lisbon, e.g.) or showing advertising targeted to a type of user (such as showing restaurant advertising to a user who regularly visits cooking websites, e.g. ).<\/p>\n\n\n\n<p>You have the power to turn off your cookies, in your browser options, or by making changes to Anti-Virus program tools, such as Norton Internet Security. However, this may change the way you interact with our website or other websites. This may affect or prevent you from logging into programs, websites or forums on our and other networks.<\/p>\n\n\n\n<h2 class=\"wp-block-heading\">Links to Third Party Sites<\/h2>\n\n\n\n<p>O <b>Digital Self<\/b>\u00a0has links to other websites, which, in our opinion, may contain useful information\/tools for our visitors. Our privacy policy does not apply to third-party websites, so if you visit another website from ours, you should read its privacy policy.<\/p>\n\n\n\n<p>We are not responsible for the privacy policy or content present on these sites.<\/p>\n\n\n\n<p>The website <b>Digital Self <\/b>declares that it does not use emails for SPAM policies or to send unwanted messages.<\/p>\n\n\n\n<h2 class=\"wp-block-heading\">Advertisements and AdSense<\/h2>\n\n\n\n<p>The website <b>Digital Self<\/b>\u00a0is not responsible for the content, promises and veracity of the information in the advertisements displayed by its sponsors, making it clear that all responsibility for the advertisements displayed on the website lies with the advertisers.<\/p>\n\n\n\n<p>The website <b>Digital Self<\/b>\u00a0may use cookies and\/or web beacons when a user accesses the pages, the cookies that can be used are associated (when applicable) only with the browser of a given computer.<\/p>\n\n\n\n<p>The website <b>Digital Self<\/b>\u00a0is monetized by third party advertising companies to display advertisements when you visit our website, these companies may use information about your visits to this and other websites in order to display advertisements related to goods and services of interest to you, the information information about your visits does not include your name, address, email address, or telephone number. For more information about this practice and how to disable the DART cookie, visit\u00a0<a href=\"http:\/\/www.google.com\/privacy_ads.html\">Google ads and content privacy policy<\/a> and the\u00a0<a href=\"http:\/\/emea.doubleclick.com\/PT-BR\/privacy\/faq.aspx\">Privacy FAQs<\/a>.<\/p>\n\n\n\n<p>A <b>Digital Self<\/b>\u00a0does not capture or manage user data, advertisements may use cookies and all advertiser information can be accessed via the link\u00a0<a href=\"https:\/\/www.google.com\/policies\/technologies\/partner-sites\/\">https:\/\/www.google.com\/policies\/technologies\/partner-sites\/<\/a>\u00a0where it is explained in detail how Google manages data in its advertising products.<\/p>\n\n\n\n<p>The cookies that are used on this website can be installed by it, which originate from different servers operated by it, or from third-party servers that provide services and install cookies and\/or web beacons, to give an example, cookies are used to provide advertising services through which the user views advertising or content at a predetermined time. The user can search their computer&#039;s hard drive according to instructions from the browser itself.<\/p>\n\n\n\n<p>The user has the possibility of configuring their browser to be notified, on the computer screen, about the reception of cookies and to prevent their installation on the hard drive. The information related to this configuration is available in the browser&#039;s instructions.<\/p>\n\n\n\n<p>This site uses Remarketing with Google Analytics to advertise online.<\/p>\n\n\n\n<p>Third-party vendors, including Google, show their ads on websites across the Internet.<\/p>\n\n\n\n<p>We and third-party vendors, including Google, use first-party cookies (such as the Google Analytics cookie) and third-party cookies (such as the DoubleClick cookie) together to inform, optimize, and serve ads based on someone&#039;s past visits to your website.<\/p>\n\n\n\n<p>We and third-party vendors, including Google, use first-party cookies (such as the Google Analytics cookie) and third-party cookies (such as the DoubleClick cookie) together to report on your ad impressions and other uses of ad services and interactions with these ad impressions and ad services are related to visits to your website.<\/p>\n\n\n\n<p>How you use data from Google&#039;s interest-based advertising or third-party audience data (such as age, gender and interests) with Google Analytics. If more information is needed, if you have questions or would like to make any request, please use the contact form.<\/p>\n<\/body><\/html>","protected":false},"excerpt":{"rendered":"<p>Pol\u00edtica de privacidade para Self Digital Este site utiliza cookies de publicidade incluindo o Google, usam cookies para veicular an\u00fancios com base em visitas anteriores do usu\u00e1rio ao seu website ou a outros websites. Com o uso de cookies de publicidade, o Google e os parceiros podem veicular an\u00fancios para os usu\u00e1rios com base nas [&hellip;]<\/p>","protected":false},"author":1,"featured_media":0,"parent":0,"menu_order":0,"comment_status":"closed","ping_status":"closed","template":"","meta":{"footnotes":""},"class_list":["post-142","page","type-page","status-publish","hentry"],"yoast_head":"<!-- This site is optimized with the Yoast SEO plugin v26.8 - https:\/\/yoast.com\/product\/yoast-seo-wordpress\/ -->\n<title>Politicas de Cookies e Privacidade - Self Digital<\/title>\n<meta name=\"description\" content=\"Este site utiliza cookies de publicidade incluindo o Google, usam cookies para veicular an\u00fancios com base em visitas anteriores do usu\u00e1rio.\" \/>\n<meta name=\"robots\" content=\"index, nofollow, max-snippet:-1, max-image-preview:large, max-video-preview:-1\" \/>\n<link rel=\"canonical\" href=\"https:\/\/selfdigital.com.br\/en\/politica-de-privacidade\/\" \/>\n<meta property=\"og:locale\" content=\"en_US\" \/>\n<meta property=\"og:type\" content=\"article\" \/>\n<meta property=\"og:title\" content=\"Politicas de Cookies e Privacidade - Self Digital\" \/>\n<meta property=\"og:description\" content=\"Este site utiliza cookies de publicidade incluindo o Google, usam cookies para veicular an\u00fancios com base em visitas anteriores do usu\u00e1rio.\" \/>\n<meta property=\"og:url\" content=\"https:\/\/selfdigital.com.br\/en\/politica-de-privacidade\/\" \/>\n<meta property=\"og:site_name\" content=\"Self Digital\" \/>\n<meta property=\"article:modified_time\" content=\"2024-07-31T18:54:27+00:00\" \/>\n<meta name=\"twitter:card\" content=\"summary_large_image\" \/>\n<meta name=\"twitter:label1\" content=\"Est. reading time\" \/>\n\t<meta name=\"twitter:data1\" content=\"7 minutes\" \/>\n<script type=\"application\/ld+json\" class=\"yoast-schema-graph\">{\"@context\":\"https:\/\/schema.org\",\"@graph\":[{\"@type\":\"WebPage\",\"@id\":\"https:\/\/selfdigital.com.br\/politica-de-privacidade\",\"url\":\"https:\/\/selfdigital.com.br\/politica-de-privacidade\",\"name\":\"Politicas de Cookies e Privacidade - Self Digital\",\"isPartOf\":{\"@id\":\"https:\/\/selfdigital.com.br\/#website\"},\"datePublished\":\"2019-10-10T23:41:06+00:00\",\"dateModified\":\"2024-07-31T18:54:27+00:00\",\"description\":\"Este site utiliza cookies de publicidade incluindo o Google, usam cookies para veicular an\u00fancios com base em visitas anteriores do usu\u00e1rio.\",\"breadcrumb\":{\"@id\":\"https:\/\/selfdigital.com.br\/politica-de-privacidade#breadcrumb\"},\"inLanguage\":\"en-US\",\"potentialAction\":[{\"@type\":\"ReadAction\",\"target\":[\"https:\/\/selfdigital.com.br\/politica-de-privacidade\"]}]},{\"@type\":\"BreadcrumbList\",\"@id\":\"https:\/\/selfdigital.com.br\/politica-de-privacidade#breadcrumb\",\"itemListElement\":[{\"@type\":\"ListItem\",\"position\":1,\"name\":\"In\u00edcio\",\"item\":\"https:\/\/selfdigital.com.br\/\"},{\"@type\":\"ListItem\",\"position\":2,\"name\":\"Politicas de Cookies e Privacidade\"}]},{\"@type\":\"WebSite\",\"@id\":\"https:\/\/selfdigital.com.br\/#website\",\"url\":\"https:\/\/selfdigital.com.br\/\",\"name\":\"Self Digital\",\"description\":\"Um Portal Com Dicas de Finan\u00e7as, Aplicativos e Esporte Para Voc\u00ea\",\"publisher\":{\"@id\":\"https:\/\/selfdigital.com.br\/#organization\"},\"potentialAction\":[{\"@type\":\"SearchAction\",\"target\":{\"@type\":\"EntryPoint\",\"urlTemplate\":\"https:\/\/selfdigital.com.br\/?s={search_term_string}\"},\"query-input\":{\"@type\":\"PropertyValueSpecification\",\"valueRequired\":true,\"valueName\":\"search_term_string\"}}],\"inLanguage\":\"en-US\"},{\"@type\":\"Organization\",\"@id\":\"https:\/\/selfdigital.com.br\/#organization\",\"name\":\"Self Digital\",\"url\":\"https:\/\/selfdigital.com.br\/\",\"logo\":{\"@type\":\"ImageObject\",\"inLanguage\":\"en-US\",\"@id\":\"https:\/\/selfdigital.com.br\/#\/schema\/logo\/image\/\",\"url\":\"https:\/\/selfdigital.com.br\/wp-content\/uploads\/2022\/04\/cropped-logo-Final.gif\",\"contentUrl\":\"https:\/\/selfdigital.com.br\/wp-content\/uploads\/2022\/04\/cropped-logo-Final.gif\",\"width\":300,\"height\":90,\"caption\":\"Self Digital\"},\"image\":{\"@id\":\"https:\/\/selfdigital.com.br\/#\/schema\/logo\/image\/\"}}]}<\/script>\n<!-- \/ Yoast SEO plugin. -->","yoast_head_json":{"title":"Politicas de Cookies e Privacidade - Self Digital","description":"Este site utiliza cookies de publicidade incluindo o Google, usam cookies para veicular an\u00fancios com base em visitas anteriores do usu\u00e1rio.","robots":{"index":"index","follow":"nofollow","max-snippet":"max-snippet:-1","max-image-preview":"max-image-preview:large","max-video-preview":"max-video-preview:-1"},"canonical":"https:\/\/selfdigital.com.br\/en\/politica-de-privacidade\/","og_locale":"en_US","og_type":"article","og_title":"Politicas de Cookies e Privacidade - Self Digital","og_description":"Este site utiliza cookies de publicidade incluindo o Google, usam cookies para veicular an\u00fancios com base em visitas anteriores do usu\u00e1rio.","og_url":"https:\/\/selfdigital.com.br\/en\/politica-de-privacidade\/","og_site_name":"Self Digital","article_modified_time":"2024-07-31T18:54:27+00:00","twitter_card":"summary_large_image","twitter_misc":{"Est. reading time":"7 minutes"},"schema":{"@context":"https:\/\/schema.org","@graph":[{"@type":"WebPage","@id":"https:\/\/selfdigital.com.br\/politica-de-privacidade","url":"https:\/\/selfdigital.com.br\/politica-de-privacidade","name":"Politicas de Cookies e Privacidade - Self Digital","isPartOf":{"@id":"https:\/\/selfdigital.com.br\/#website"},"datePublished":"2019-10-10T23:41:06+00:00","dateModified":"2024-07-31T18:54:27+00:00","description":"Este site utiliza cookies de publicidade incluindo o Google, usam cookies para veicular an\u00fancios com base em visitas anteriores do usu\u00e1rio.","breadcrumb":{"@id":"https:\/\/selfdigital.com.br\/politica-de-privacidade#breadcrumb"},"inLanguage":"en-US","potentialAction":[{"@type":"ReadAction","target":["https:\/\/selfdigital.com.br\/politica-de-privacidade"]}]},{"@type":"BreadcrumbList","@id":"https:\/\/selfdigital.com.br\/politica-de-privacidade#breadcrumb","itemListElement":[{"@type":"ListItem","position":1,"name":"In\u00edcio","item":"https:\/\/selfdigital.com.br\/"},{"@type":"ListItem","position":2,"name":"Politicas de Cookies e Privacidade"}]},{"@type":"WebSite","@id":"https:\/\/selfdigital.com.br\/#website","url":"https:\/\/selfdigital.com.br\/","name":"Digital Self","description":"A Portal With Finance Tips, Apps and Sports For You","publisher":{"@id":"https:\/\/selfdigital.com.br\/#organization"},"potentialAction":[{"@type":"SearchAction","target":{"@type":"EntryPoint","urlTemplate":"https:\/\/selfdigital.com.br\/?s={search_term_string}"},"query-input":{"@type":"PropertyValueSpecification","valueRequired":true,"valueName":"search_term_string"}}],"inLanguage":"en-US"},{"@type":"Organization","@id":"https:\/\/selfdigital.com.br\/#organization","name":"Digital Self","url":"https:\/\/selfdigital.com.br\/","logo":{"@type":"ImageObject","inLanguage":"en-US","@id":"https:\/\/selfdigital.com.br\/#\/schema\/logo\/image\/","url":"https:\/\/selfdigital.com.br\/wp-content\/uploads\/2022\/04\/cropped-logo-Final.gif","contentUrl":"https:\/\/selfdigital.com.br\/wp-content\/uploads\/2022\/04\/cropped-logo-Final.gif","width":300,"height":90,"caption":"Self Digital"},"image":{"@id":"https:\/\/selfdigital.com.br\/#\/schema\/logo\/image\/"}}]}},"_links":{"self":[{"href":"https:\/\/selfdigital.com.br\/en\/wp-json\/wp\/v2\/pages\/142","targetHints":{"allow":["GET"]}}],"collection":[{"href":"https:\/\/selfdigital.com.br\/en\/wp-json\/wp\/v2\/pages"}],"about":[{"href":"https:\/\/selfdigital.com.br\/en\/wp-json\/wp\/v2\/types\/page"}],"author":[{"embeddable":true,"href":"https:\/\/selfdigital.com.br\/en\/wp-json\/wp\/v2\/users\/1"}],"replies":[{"embeddable":true,"href":"https:\/\/selfdigital.com.br\/en\/wp-json\/wp\/v2\/comments?post=142"}],"version-history":[{"count":2,"href":"https:\/\/selfdigital.com.br\/en\/wp-json\/wp\/v2\/pages\/142\/revisions"}],"predecessor-version":[{"id":6556,"href":"https:\/\/selfdigital.com.br\/en\/wp-json\/wp\/v2\/pages\/142\/revisions\/6556"}],"wp:attachment":[{"href":"https:\/\/selfdigital.com.br\/en\/wp-json\/wp\/v2\/media?parent=142"}],"curies":[{"name":"wp","href":"https:\/\/api.w.org\/{rel}","templated":true}]}}