{"id":4624,"date":"2021-07-19T22:12:00","date_gmt":"2021-07-20T01:12:00","guid":{"rendered":"https:\/\/selfdigital.com.br\/?page_id=4624"},"modified":"2022-05-04T17:46:39","modified_gmt":"2022-05-04T20:46:39","slug":"termos-de-uso","status":"publish","type":"page","link":"https:\/\/selfdigital.com.br\/en\/termos-de-uso","title":{"rendered":"Terms of use"},"content":{"rendered":"<html><body><p><strong>About blog content<\/strong><br>The content published here is protected by\u00a0<em><a href=\"http:\/\/www.planalto.gov.br\/ccivil_03\/leis\/L9610.htm\" target=\"_blank\" rel=\"noreferrer noopener\">Copyright Law<\/a><\/em>. When I use third party material, it is duly credited, with<em>\u00a0link<\/em>\u00a0to the source page, if any. Each post takes time, research and dedication to make, so if you liked it, indicate the\u00a0<em>link<\/em>\u00a0without copying the content in full, as this constitutes plagiarism. Advertising will always be signposted.<\/p>\n\n\n\n<p><strong>About the images<\/strong><br>Images (photographs and illustrations) are also protected by\u00a0<em><a href=\"http:\/\/www.planalto.gov.br\/ccivil_03\/leis\/L9610.htm\" target=\"_blank\" rel=\"noreferrer noopener\">Copyright Law<\/a><\/em>, which can be personal or paid for by a client. This blog is not configured as an image bank\u00a0<em>free<\/em>, so if you want to use any of my illustrations, you will need to ask for permission, even if it is to make a\u00a0<em>post<\/em>\u00a0publicity on your blog\/website.<br>The adaptation and creation of derivative works without prior authorization is also prohibited.<\/p>\n\n\n\n<p><strong>About comments<\/strong><br>Here on the blog we value respect, above all else.<br>Comments are moderated so that we can respond to everyone with the same care.<br>Offensive and prejudiced messages will not be published.<br>If you want to make a criticism, it will be welcome, as long as it is done politely.<\/p>\n\n\n\n<p><strong>IMPORTANT:<\/strong><br>Some images and articles on the blog are reproductions from the internet.<br>If you found an image or article of your own, please get in touch so that the appropriate credits can be added or they can be deleted promptly.<\/p>\n<\/body><\/html>","protected":false},"excerpt":{"rendered":"<p>Regarding the blog&#039;s content: The content published here is protected by copyright law. When I use third-party material, it is duly credited, with a link to the source page, if available. Each post requires time, research, and dedication to create, so if you liked it, please provide the link without copying the content in its entirety, as this constitutes plagiarism. [\u2026]<\/p>","protected":false},"author":1,"featured_media":0,"parent":0,"menu_order":0,"comment_status":"closed","ping_status":"closed","template":"","meta":{"footnotes":""},"class_list":["post-4624","page","type-page","status-publish","hentry"],"yoast_head":"<!-- This site is optimized with the Yoast SEO plugin v26.8 - https:\/\/yoast.com\/product\/yoast-seo-wordpress\/ -->\n<title>Termos de Uso - Self Digital<\/title>\n<meta name=\"robots\" content=\"index, follow, max-snippet:-1, max-image-preview:large, max-video-preview:-1\" \/>\n<link rel=\"canonical\" href=\"https:\/\/selfdigital.com.br\/en\/termos-de-uso\/\" \/>\n<meta property=\"og:locale\" content=\"en_US\" \/>\n<meta property=\"og:type\" content=\"article\" \/>\n<meta property=\"og:title\" content=\"Termos de Uso - Self Digital\" \/>\n<meta property=\"og:description\" content=\"Sobre o conte\u00fado do blogO conte\u00fado publicado aqui, encontra-se protegido pela\u00a0Lei de Direitos Autorais. Quando utilizo material de terceiros, este \u00e9 devidamente creditado, com\u00a0link\u00a0para a p\u00e1gina de origem, se houver. Cada post demanda tempo, pesquisa e dedica\u00e7\u00e3o para ser feito, ent\u00e3o se voc\u00ea gostou, indique o\u00a0link\u00a0sem copiar o conte\u00fado na \u00edntegra, pois isto configura pl\u00e1gio. [&hellip;]\" \/>\n<meta property=\"og:url\" content=\"https:\/\/selfdigital.com.br\/en\/termos-de-uso\/\" \/>\n<meta property=\"og:site_name\" content=\"Self Digital\" \/>\n<meta property=\"article:modified_time\" content=\"2022-05-04T20:46:39+00:00\" \/>\n<meta name=\"twitter:card\" content=\"summary_large_image\" \/>\n<meta name=\"twitter:label1\" content=\"Est. reading time\" \/>\n\t<meta name=\"twitter:data1\" content=\"2 minutes\" \/>\n<script type=\"application\/ld+json\" class=\"yoast-schema-graph\">{\"@context\":\"https:\/\/schema.org\",\"@graph\":[{\"@type\":\"WebPage\",\"@id\":\"https:\/\/selfdigital.com.br\/termos-de-uso\",\"url\":\"https:\/\/selfdigital.com.br\/termos-de-uso\",\"name\":\"Termos de Uso - Self Digital\",\"isPartOf\":{\"@id\":\"https:\/\/selfdigital.com.br\/#website\"},\"datePublished\":\"2021-07-20T01:12:00+00:00\",\"dateModified\":\"2022-05-04T20:46:39+00:00\",\"breadcrumb\":{\"@id\":\"https:\/\/selfdigital.com.br\/termos-de-uso#breadcrumb\"},\"inLanguage\":\"en-US\",\"potentialAction\":[{\"@type\":\"ReadAction\",\"target\":[\"https:\/\/selfdigital.com.br\/termos-de-uso\"]}]},{\"@type\":\"BreadcrumbList\",\"@id\":\"https:\/\/selfdigital.com.br\/termos-de-uso#breadcrumb\",\"itemListElement\":[{\"@type\":\"ListItem\",\"position\":1,\"name\":\"In\u00edcio\",\"item\":\"https:\/\/selfdigital.com.br\/\"},{\"@type\":\"ListItem\",\"position\":2,\"name\":\"Termos de Uso\"}]},{\"@type\":\"WebSite\",\"@id\":\"https:\/\/selfdigital.com.br\/#website\",\"url\":\"https:\/\/selfdigital.com.br\/\",\"name\":\"Self Digital\",\"description\":\"Um Portal Com Dicas de Finan\u00e7as, Aplicativos e Esporte Para Voc\u00ea\",\"publisher\":{\"@id\":\"https:\/\/selfdigital.com.br\/#organization\"},\"potentialAction\":[{\"@type\":\"SearchAction\",\"target\":{\"@type\":\"EntryPoint\",\"urlTemplate\":\"https:\/\/selfdigital.com.br\/?s={search_term_string}\"},\"query-input\":{\"@type\":\"PropertyValueSpecification\",\"valueRequired\":true,\"valueName\":\"search_term_string\"}}],\"inLanguage\":\"en-US\"},{\"@type\":\"Organization\",\"@id\":\"https:\/\/selfdigital.com.br\/#organization\",\"name\":\"Self Digital\",\"url\":\"https:\/\/selfdigital.com.br\/\",\"logo\":{\"@type\":\"ImageObject\",\"inLanguage\":\"en-US\",\"@id\":\"https:\/\/selfdigital.com.br\/#\/schema\/logo\/image\/\",\"url\":\"https:\/\/selfdigital.com.br\/wp-content\/uploads\/2022\/04\/cropped-logo-Final.gif\",\"contentUrl\":\"https:\/\/selfdigital.com.br\/wp-content\/uploads\/2022\/04\/cropped-logo-Final.gif\",\"width\":300,\"height\":90,\"caption\":\"Self Digital\"},\"image\":{\"@id\":\"https:\/\/selfdigital.com.br\/#\/schema\/logo\/image\/\"}}]}<\/script>\n<!-- \/ Yoast SEO plugin. -->","yoast_head_json":{"title":"Terms of Use - Self Digital","robots":{"index":"index","follow":"follow","max-snippet":"max-snippet:-1","max-image-preview":"max-image-preview:large","max-video-preview":"max-video-preview:-1"},"canonical":"https:\/\/selfdigital.com.br\/en\/termos-de-uso\/","og_locale":"en_US","og_type":"article","og_title":"Termos de Uso - Self Digital","og_description":"Sobre o conte\u00fado do blogO conte\u00fado publicado aqui, encontra-se protegido pela\u00a0Lei de Direitos Autorais. Quando utilizo material de terceiros, este \u00e9 devidamente creditado, com\u00a0link\u00a0para a p\u00e1gina de origem, se houver. Cada post demanda tempo, pesquisa e dedica\u00e7\u00e3o para ser feito, ent\u00e3o se voc\u00ea gostou, indique o\u00a0link\u00a0sem copiar o conte\u00fado na \u00edntegra, pois isto configura pl\u00e1gio. [&hellip;]","og_url":"https:\/\/selfdigital.com.br\/en\/termos-de-uso\/","og_site_name":"Self Digital","article_modified_time":"2022-05-04T20:46:39+00:00","twitter_card":"summary_large_image","twitter_misc":{"Est. reading time":"2 minutes"},"schema":{"@context":"https:\/\/schema.org","@graph":[{"@type":"WebPage","@id":"https:\/\/selfdigital.com.br\/termos-de-uso","url":"https:\/\/selfdigital.com.br\/termos-de-uso","name":"Terms of Use - Self Digital","isPartOf":{"@id":"https:\/\/selfdigital.com.br\/#website"},"datePublished":"2021-07-20T01:12:00+00:00","dateModified":"2022-05-04T20:46:39+00:00","breadcrumb":{"@id":"https:\/\/selfdigital.com.br\/termos-de-uso#breadcrumb"},"inLanguage":"en-US","potentialAction":[{"@type":"ReadAction","target":["https:\/\/selfdigital.com.br\/termos-de-uso"]}]},{"@type":"BreadcrumbList","@id":"https:\/\/selfdigital.com.br\/termos-de-uso#breadcrumb","itemListElement":[{"@type":"ListItem","position":1,"name":"In\u00edcio","item":"https:\/\/selfdigital.com.br\/"},{"@type":"ListItem","position":2,"name":"Termos de Uso"}]},{"@type":"WebSite","@id":"https:\/\/selfdigital.com.br\/#website","url":"https:\/\/selfdigital.com.br\/","name":"Digital Self","description":"A Portal With Finance Tips, Apps and Sports For You","publisher":{"@id":"https:\/\/selfdigital.com.br\/#organization"},"potentialAction":[{"@type":"SearchAction","target":{"@type":"EntryPoint","urlTemplate":"https:\/\/selfdigital.com.br\/?s={search_term_string}"},"query-input":{"@type":"PropertyValueSpecification","valueRequired":true,"valueName":"search_term_string"}}],"inLanguage":"en-US"},{"@type":"Organization","@id":"https:\/\/selfdigital.com.br\/#organization","name":"Digital Self","url":"https:\/\/selfdigital.com.br\/","logo":{"@type":"ImageObject","inLanguage":"en-US","@id":"https:\/\/selfdigital.com.br\/#\/schema\/logo\/image\/","url":"https:\/\/selfdigital.com.br\/wp-content\/uploads\/2022\/04\/cropped-logo-Final.gif","contentUrl":"https:\/\/selfdigital.com.br\/wp-content\/uploads\/2022\/04\/cropped-logo-Final.gif","width":300,"height":90,"caption":"Self Digital"},"image":{"@id":"https:\/\/selfdigital.com.br\/#\/schema\/logo\/image\/"}}]}},"_links":{"self":[{"href":"https:\/\/selfdigital.com.br\/en\/wp-json\/wp\/v2\/pages\/4624","targetHints":{"allow":["GET"]}}],"collection":[{"href":"https:\/\/selfdigital.com.br\/en\/wp-json\/wp\/v2\/pages"}],"about":[{"href":"https:\/\/selfdigital.com.br\/en\/wp-json\/wp\/v2\/types\/page"}],"author":[{"embeddable":true,"href":"https:\/\/selfdigital.com.br\/en\/wp-json\/wp\/v2\/users\/1"}],"replies":[{"embeddable":true,"href":"https:\/\/selfdigital.com.br\/en\/wp-json\/wp\/v2\/comments?post=4624"}],"version-history":[{"count":1,"href":"https:\/\/selfdigital.com.br\/en\/wp-json\/wp\/v2\/pages\/4624\/revisions"}],"predecessor-version":[{"id":5300,"href":"https:\/\/selfdigital.com.br\/en\/wp-json\/wp\/v2\/pages\/4624\/revisions\/5300"}],"wp:attachment":[{"href":"https:\/\/selfdigital.com.br\/en\/wp-json\/wp\/v2\/media?parent=4624"}],"curies":[{"name":"wp","href":"https:\/\/api.w.org\/{rel}","templated":true}]}}