{"id":140,"date":"2019-10-10T20:39:57","date_gmt":"2019-10-10T23:39:57","guid":{"rendered":"https:\/\/selfdigital.com.br\/?page_id=140"},"modified":"2024-07-31T15:33:00","modified_gmt":"2024-07-31T18:33:00","slug":"sobre-nos","status":"publish","type":"page","link":"https:\/\/selfdigital.com.br\/es\/sobre-nos","title":{"rendered":"Sobre nosotros"},"content":{"rendered":"<html><body><p>\u00a1Bienvenido a Auto Digital!<\/p>\n\n\n\n<p>En Self Digital creemos en el poder de la transformaci\u00f3n digital y el impacto positivo que puede tener en todos los aspectos de la vida. Nuestro objetivo es brindar informaci\u00f3n, consejos y conocimientos sobre c\u00f3mo la tecnolog\u00eda puede mejorar su rutina, ya sea en el trabajo, los estudios o la vida cotidiana.<\/p>\n\n\n\n<h3 class=\"wp-block-heading\">Nuestra misi\u00f3n<\/h3>\n\n\n\n<p>Nuestra misi\u00f3n es capacitar a nuestros lectores con conocimientos sobre las \u00faltimas tendencias y herramientas digitales. Queremos ayudarle a aprovechar al m\u00e1ximo las innovaciones tecnol\u00f3gicas haci\u00e9ndolas accesibles y comprensibles para todos.<\/p>\n\n\n\n<h3 class=\"wp-block-heading\">Lo que ofrecemos<\/h3>\n\n\n\n<ul class=\"wp-block-list\">\n<li><strong>Contenidos de calidad:<\/strong> Art\u00edculos bien investigados escritos por expertos en el campo.<\/li>\n\n\n\n<li><strong>Tutoriales y gu\u00edas:<\/strong> Gu\u00eda paso a paso para ayudarle a dominar nuevas herramientas y tecnolog\u00edas.<\/li>\n\n\n\n<li><strong>Noticias y actualizaciones:<\/strong> Mant\u00e9ngase al d\u00eda con las \u00faltimas novedades del mundo digital.<\/li>\n\n\n\n<li><strong>Comunidad:<\/strong> Participar en debates e intercambiar experiencias con otros entusiastas de la tecnolog\u00eda.<\/li>\n<\/ul>\n\n\n\n<h3 class=\"wp-block-heading\">Nuestro equipo<\/h3>\n\n\n\n<p>Nuestro equipo est\u00e1 formado por personas apasionadas por la tecnolog\u00eda y la innovaci\u00f3n. Cada miembro aporta una perspectiva \u00fanica y especializada, lo que garantiza que nuestro contenido sea diverso y relevante.<\/p>\n\n\n\n<h3 class=\"wp-block-heading\">\u00danetenos<\/h3>\n\n\n\n<p>Estamos aqu\u00ed para ayudarlo a navegar por el universo digital de una manera eficiente e informada. S\u00edguenos en las redes sociales, suscr\u00edbete a nuestra newsletter y no te pierdas ninguna actualizaci\u00f3n importante.<\/p>\n\n\n\n<p>\u00a1Gracias por ser parte de la comunidad Self Digital!<\/p>\n<\/body><\/html>","protected":false},"excerpt":{"rendered":"<p>\u00a1Bienvenido a Self Digital! En Self Digital, creemos en el poder de la transformaci\u00f3n digital y el impacto positivo que puede tener en todos los aspectos de la vida. Nuestro objetivo es brindar informaci\u00f3n, consejos y perspectivas sobre c\u00f3mo la tecnolog\u00eda puede mejorar tu rutina, ya sea en el trabajo, en tus estudios o en tu vida diaria. Nuestra misi\u00f3n [\u2026]<\/p>","protected":false},"author":1,"featured_media":0,"parent":0,"menu_order":0,"comment_status":"closed","ping_status":"closed","template":"","meta":{"footnotes":""},"class_list":["post-140","page","type-page","status-publish","hentry"],"yoast_head":"<!-- This site is optimized with the Yoast SEO plugin v26.8 - https:\/\/yoast.com\/product\/yoast-seo-wordpress\/ -->\n<title>Sobre N\u00f3s - Self Digital<\/title>\n<meta name=\"description\" content=\"No Self Digital, acreditamos no poder da transforma\u00e7\u00e3o digital e no impacto positivo que ela pode ter em todos os aspectos da vida.\" \/>\n<meta name=\"robots\" content=\"index, nofollow, max-snippet:-1, max-image-preview:large, max-video-preview:-1\" \/>\n<link rel=\"canonical\" href=\"https:\/\/selfdigital.com.br\/es\/sobre-nos\/\" \/>\n<meta property=\"og:locale\" content=\"es_ES\" \/>\n<meta property=\"og:type\" content=\"article\" \/>\n<meta property=\"og:title\" content=\"Sobre N\u00f3s - Self Digital\" \/>\n<meta property=\"og:description\" content=\"No Self Digital, acreditamos no poder da transforma\u00e7\u00e3o digital e no impacto positivo que ela pode ter em todos os aspectos da vida.\" \/>\n<meta property=\"og:url\" content=\"https:\/\/selfdigital.com.br\/es\/sobre-nos\/\" \/>\n<meta property=\"og:site_name\" content=\"Self Digital\" \/>\n<meta property=\"article:modified_time\" content=\"2024-07-31T18:33:00+00:00\" \/>\n<meta name=\"twitter:card\" content=\"summary_large_image\" \/>\n<meta name=\"twitter:label1\" content=\"Est. reading time\" \/>\n\t<meta name=\"twitter:data1\" content=\"1 minute\" \/>\n<script type=\"application\/ld+json\" class=\"yoast-schema-graph\">{\"@context\":\"https:\/\/schema.org\",\"@graph\":[{\"@type\":\"WebPage\",\"@id\":\"https:\/\/selfdigital.com.br\/sobre-nos\",\"url\":\"https:\/\/selfdigital.com.br\/sobre-nos\",\"name\":\"Sobre N\u00f3s - Self Digital\",\"isPartOf\":{\"@id\":\"https:\/\/selfdigital.com.br\/#website\"},\"datePublished\":\"2019-10-10T23:39:57+00:00\",\"dateModified\":\"2024-07-31T18:33:00+00:00\",\"description\":\"No Self Digital, acreditamos no poder da transforma\u00e7\u00e3o digital e no impacto positivo que ela pode ter em todos os aspectos da vida.\",\"breadcrumb\":{\"@id\":\"https:\/\/selfdigital.com.br\/sobre-nos#breadcrumb\"},\"inLanguage\":\"es-ES\",\"potentialAction\":[{\"@type\":\"ReadAction\",\"target\":[\"https:\/\/selfdigital.com.br\/sobre-nos\"]}]},{\"@type\":\"BreadcrumbList\",\"@id\":\"https:\/\/selfdigital.com.br\/sobre-nos#breadcrumb\",\"itemListElement\":[{\"@type\":\"ListItem\",\"position\":1,\"name\":\"In\u00edcio\",\"item\":\"https:\/\/selfdigital.com.br\/\"},{\"@type\":\"ListItem\",\"position\":2,\"name\":\"Sobre N\u00f3s\"}]},{\"@type\":\"WebSite\",\"@id\":\"https:\/\/selfdigital.com.br\/#website\",\"url\":\"https:\/\/selfdigital.com.br\/\",\"name\":\"Self Digital\",\"description\":\"Um Portal Com Dicas de Finan\u00e7as, Aplicativos e Esporte Para Voc\u00ea\",\"publisher\":{\"@id\":\"https:\/\/selfdigital.com.br\/#organization\"},\"potentialAction\":[{\"@type\":\"SearchAction\",\"target\":{\"@type\":\"EntryPoint\",\"urlTemplate\":\"https:\/\/selfdigital.com.br\/?s={search_term_string}\"},\"query-input\":{\"@type\":\"PropertyValueSpecification\",\"valueRequired\":true,\"valueName\":\"search_term_string\"}}],\"inLanguage\":\"es-ES\"},{\"@type\":\"Organization\",\"@id\":\"https:\/\/selfdigital.com.br\/#organization\",\"name\":\"Self Digital\",\"url\":\"https:\/\/selfdigital.com.br\/\",\"logo\":{\"@type\":\"ImageObject\",\"inLanguage\":\"es-ES\",\"@id\":\"https:\/\/selfdigital.com.br\/#\/schema\/logo\/image\/\",\"url\":\"https:\/\/selfdigital.com.br\/wp-content\/uploads\/2022\/04\/cropped-logo-Final.gif\",\"contentUrl\":\"https:\/\/selfdigital.com.br\/wp-content\/uploads\/2022\/04\/cropped-logo-Final.gif\",\"width\":300,\"height\":90,\"caption\":\"Self Digital\"},\"image\":{\"@id\":\"https:\/\/selfdigital.com.br\/#\/schema\/logo\/image\/\"}}]}<\/script>\n<!-- \/ Yoast SEO plugin. -->","yoast_head_json":{"title":"Sobre nosotros - Self Digital","description":"En Self Digital, creemos en el poder de la transformaci\u00f3n digital y el impacto positivo que puede tener en todos los aspectos de la vida.","robots":{"index":"index","follow":"nofollow","max-snippet":"max-snippet:-1","max-image-preview":"max-image-preview:large","max-video-preview":"max-video-preview:-1"},"canonical":"https:\/\/selfdigital.com.br\/es\/sobre-nos\/","og_locale":"es_ES","og_type":"article","og_title":"Sobre N\u00f3s - Self Digital","og_description":"No Self Digital, acreditamos no poder da transforma\u00e7\u00e3o digital e no impacto positivo que ela pode ter em todos os aspectos da vida.","og_url":"https:\/\/selfdigital.com.br\/es\/sobre-nos\/","og_site_name":"Self Digital","article_modified_time":"2024-07-31T18:33:00+00:00","twitter_card":"summary_large_image","twitter_misc":{"Est. reading time":"1 minute"},"schema":{"@context":"https:\/\/schema.org","@graph":[{"@type":"WebPage","@id":"https:\/\/selfdigital.com.br\/sobre-nos","url":"https:\/\/selfdigital.com.br\/sobre-nos","name":"Sobre nosotros - Self Digital","isPartOf":{"@id":"https:\/\/selfdigital.com.br\/#website"},"datePublished":"2019-10-10T23:39:57+00:00","dateModified":"2024-07-31T18:33:00+00:00","description":"En Self Digital, creemos en el poder de la transformaci\u00f3n digital y el impacto positivo que puede tener en todos los aspectos de la vida.","breadcrumb":{"@id":"https:\/\/selfdigital.com.br\/sobre-nos#breadcrumb"},"inLanguage":"es-ES","potentialAction":[{"@type":"ReadAction","target":["https:\/\/selfdigital.com.br\/sobre-nos"]}]},{"@type":"BreadcrumbList","@id":"https:\/\/selfdigital.com.br\/sobre-nos#breadcrumb","itemListElement":[{"@type":"ListItem","position":1,"name":"In\u00edcio","item":"https:\/\/selfdigital.com.br\/"},{"@type":"ListItem","position":2,"name":"Sobre N\u00f3s"}]},{"@type":"WebSite","@id":"https:\/\/selfdigital.com.br\/#website","url":"https:\/\/selfdigital.com.br\/","name":"Yo digital","description":"Un portal con consejos financieros, apps y deportes para ti","publisher":{"@id":"https:\/\/selfdigital.com.br\/#organization"},"potentialAction":[{"@type":"SearchAction","target":{"@type":"EntryPoint","urlTemplate":"https:\/\/selfdigital.com.br\/?s={search_term_string}"},"query-input":{"@type":"PropertyValueSpecification","valueRequired":true,"valueName":"search_term_string"}}],"inLanguage":"es-ES"},{"@type":"Organization","@id":"https:\/\/selfdigital.com.br\/#organization","name":"Yo digital","url":"https:\/\/selfdigital.com.br\/","logo":{"@type":"ImageObject","inLanguage":"es-ES","@id":"https:\/\/selfdigital.com.br\/#\/schema\/logo\/image\/","url":"https:\/\/selfdigital.com.br\/wp-content\/uploads\/2022\/04\/cropped-logo-Final.gif","contentUrl":"https:\/\/selfdigital.com.br\/wp-content\/uploads\/2022\/04\/cropped-logo-Final.gif","width":300,"height":90,"caption":"Self Digital"},"image":{"@id":"https:\/\/selfdigital.com.br\/#\/schema\/logo\/image\/"}}]}},"_links":{"self":[{"href":"https:\/\/selfdigital.com.br\/es\/wp-json\/wp\/v2\/pages\/140","targetHints":{"allow":["GET"]}}],"collection":[{"href":"https:\/\/selfdigital.com.br\/es\/wp-json\/wp\/v2\/pages"}],"about":[{"href":"https:\/\/selfdigital.com.br\/es\/wp-json\/wp\/v2\/types\/page"}],"author":[{"embeddable":true,"href":"https:\/\/selfdigital.com.br\/es\/wp-json\/wp\/v2\/users\/1"}],"replies":[{"embeddable":true,"href":"https:\/\/selfdigital.com.br\/es\/wp-json\/wp\/v2\/comments?post=140"}],"version-history":[{"count":2,"href":"https:\/\/selfdigital.com.br\/es\/wp-json\/wp\/v2\/pages\/140\/revisions"}],"predecessor-version":[{"id":6544,"href":"https:\/\/selfdigital.com.br\/es\/wp-json\/wp\/v2\/pages\/140\/revisions\/6544"}],"wp:attachment":[{"href":"https:\/\/selfdigital.com.br\/es\/wp-json\/wp\/v2\/media?parent=140"}],"curies":[{"name":"wp","href":"https:\/\/api.w.org\/{rel}","templated":true}]}}