{"id":4624,"date":"2021-07-19T22:12:00","date_gmt":"2021-07-20T01:12:00","guid":{"rendered":"https:\/\/selfdigital.com.br\/?page_id=4624"},"modified":"2022-05-04T17:46:39","modified_gmt":"2022-05-04T20:46:39","slug":"termos-de-uso","status":"publish","type":"page","link":"https:\/\/selfdigital.com.br\/es\/termos-de-uso","title":{"rendered":"Terminos de uso"},"content":{"rendered":"<html><body><p><strong>Acerca del contenido del blog<\/strong><br>El contenido aqu\u00ed publicado est\u00e1 protegido por\u00a0<em><a href=\"http:\/\/www.planalto.gov.br\/ccivil_03\/leis\/L9610.htm\" target=\"_blank\" rel=\"noreferrer noopener\">Ley de derechos de autor<\/a><\/em>. Cuando utilizo material de terceros, se acredita debidamente, con<em>\u00a0enlace<\/em>\u00a0a la p\u00e1gina de origen, si la hubiera. Cada post requiere tiempo, investigaci\u00f3n y dedicaci\u00f3n para realizarlo, as\u00ed que si te ha gustado indica el\u00a0<em>enlace<\/em>\u00a0sin copiar el contenido \u00edntegramente, ya que esto constituye plagio. La publicidad estar\u00e1 siempre se\u00f1alizada.<\/p>\n\n\n\n<p><strong>Sobre las imagenes<\/strong><br>Las im\u00e1genes (fotograf\u00edas e ilustraciones) tambi\u00e9n est\u00e1n protegidas por\u00a0<em><a href=\"http:\/\/www.planalto.gov.br\/ccivil_03\/leis\/L9610.htm\" target=\"_blank\" rel=\"noreferrer noopener\">Ley de derechos de autor<\/a><\/em>, que puede ser personal o pagado por un cliente. Este blog no est\u00e1 configurado como un banco de im\u00e1genes.\u00a0<em>gratis<\/em>, por lo que si quieres utilizar alguna de mis ilustraciones, tendr\u00e1s que pedir permiso, aunque sea para hacer una\u00a0<em>correo<\/em>\u00a0publicidad en su blog\/sitio web.<br>Tambi\u00e9n est\u00e1 prohibida la adaptaci\u00f3n y creaci\u00f3n de obras derivadas sin autorizaci\u00f3n previa.<\/p>\n\n\n\n<p><strong>Acerca de los comentarios<\/strong><br>Aqu\u00ed en el blog valoramos el respeto, por encima de todo.<br>Los comentarios se moderan para que podamos responder a todos con el mismo cuidado.<br>No se publicar\u00e1n mensajes ofensivos y prejuiciosos.<br>Si quieres hacer una cr\u00edtica ser\u00e1 bienvenida, siempre que se haga con educaci\u00f3n.<\/p>\n\n\n\n<p><strong>IMPORTANTE:<\/strong><br>Algunas im\u00e1genes y art\u00edculos del blog son reproducciones de Internet.<br>Si encontr\u00f3 una imagen o un art\u00edculo propio, comun\u00edquese con nosotros para que se puedan agregar los cr\u00e9ditos correspondientes o se puedan eliminar de inmediato.<\/p>\n<\/body><\/html>","protected":false},"excerpt":{"rendered":"<p>Sobre el contenido del blogEl contenido aqu\u00ed publicado est\u00e1 protegido por la Ley de Copyright. Cuando utilizo material de terceros, \u00e9ste queda debidamente acreditado, con enlace a la p\u00e1gina fuente, si lo hubiera. Cada post requiere tiempo, investigaci\u00f3n y dedicaci\u00f3n para realizarlo, as\u00ed que si te gust\u00f3 indica el enlace sin copiar todo el contenido, ya que esto constituye plagio. [\u2026]<\/p>","protected":false},"author":1,"featured_media":0,"parent":0,"menu_order":0,"comment_status":"closed","ping_status":"closed","template":"","meta":{"footnotes":""},"class_list":["post-4624","page","type-page","status-publish","hentry"],"yoast_head":"<!-- This site is optimized with the Yoast SEO plugin v26.8 - https:\/\/yoast.com\/product\/yoast-seo-wordpress\/ -->\n<title>Termos de Uso - Self Digital<\/title>\n<meta name=\"robots\" content=\"index, follow, max-snippet:-1, max-image-preview:large, max-video-preview:-1\" \/>\n<link rel=\"canonical\" href=\"https:\/\/selfdigital.com.br\/es\/termos-de-uso\/\" \/>\n<meta property=\"og:locale\" content=\"es_ES\" \/>\n<meta property=\"og:type\" content=\"article\" \/>\n<meta property=\"og:title\" content=\"Termos de Uso - Self Digital\" \/>\n<meta property=\"og:description\" content=\"Sobre o conte\u00fado do blogO conte\u00fado publicado aqui, encontra-se protegido pela\u00a0Lei de Direitos Autorais. Quando utilizo material de terceiros, este \u00e9 devidamente creditado, com\u00a0link\u00a0para a p\u00e1gina de origem, se houver. Cada post demanda tempo, pesquisa e dedica\u00e7\u00e3o para ser feito, ent\u00e3o se voc\u00ea gostou, indique o\u00a0link\u00a0sem copiar o conte\u00fado na \u00edntegra, pois isto configura pl\u00e1gio. [&hellip;]\" \/>\n<meta property=\"og:url\" content=\"https:\/\/selfdigital.com.br\/es\/termos-de-uso\/\" \/>\n<meta property=\"og:site_name\" content=\"Self Digital\" \/>\n<meta property=\"article:modified_time\" content=\"2022-05-04T20:46:39+00:00\" \/>\n<meta name=\"twitter:card\" content=\"summary_large_image\" \/>\n<meta name=\"twitter:label1\" content=\"Est. reading time\" \/>\n\t<meta name=\"twitter:data1\" content=\"2 minutes\" \/>\n<script type=\"application\/ld+json\" class=\"yoast-schema-graph\">{\"@context\":\"https:\/\/schema.org\",\"@graph\":[{\"@type\":\"WebPage\",\"@id\":\"https:\/\/selfdigital.com.br\/termos-de-uso\",\"url\":\"https:\/\/selfdigital.com.br\/termos-de-uso\",\"name\":\"Termos de Uso - Self Digital\",\"isPartOf\":{\"@id\":\"https:\/\/selfdigital.com.br\/#website\"},\"datePublished\":\"2021-07-20T01:12:00+00:00\",\"dateModified\":\"2022-05-04T20:46:39+00:00\",\"breadcrumb\":{\"@id\":\"https:\/\/selfdigital.com.br\/termos-de-uso#breadcrumb\"},\"inLanguage\":\"es-ES\",\"potentialAction\":[{\"@type\":\"ReadAction\",\"target\":[\"https:\/\/selfdigital.com.br\/termos-de-uso\"]}]},{\"@type\":\"BreadcrumbList\",\"@id\":\"https:\/\/selfdigital.com.br\/termos-de-uso#breadcrumb\",\"itemListElement\":[{\"@type\":\"ListItem\",\"position\":1,\"name\":\"In\u00edcio\",\"item\":\"https:\/\/selfdigital.com.br\/\"},{\"@type\":\"ListItem\",\"position\":2,\"name\":\"Termos de Uso\"}]},{\"@type\":\"WebSite\",\"@id\":\"https:\/\/selfdigital.com.br\/#website\",\"url\":\"https:\/\/selfdigital.com.br\/\",\"name\":\"Self Digital\",\"description\":\"Um Portal Com Dicas de Finan\u00e7as, Aplicativos e Esporte Para Voc\u00ea\",\"publisher\":{\"@id\":\"https:\/\/selfdigital.com.br\/#organization\"},\"potentialAction\":[{\"@type\":\"SearchAction\",\"target\":{\"@type\":\"EntryPoint\",\"urlTemplate\":\"https:\/\/selfdigital.com.br\/?s={search_term_string}\"},\"query-input\":{\"@type\":\"PropertyValueSpecification\",\"valueRequired\":true,\"valueName\":\"search_term_string\"}}],\"inLanguage\":\"es-ES\"},{\"@type\":\"Organization\",\"@id\":\"https:\/\/selfdigital.com.br\/#organization\",\"name\":\"Self Digital\",\"url\":\"https:\/\/selfdigital.com.br\/\",\"logo\":{\"@type\":\"ImageObject\",\"inLanguage\":\"es-ES\",\"@id\":\"https:\/\/selfdigital.com.br\/#\/schema\/logo\/image\/\",\"url\":\"https:\/\/selfdigital.com.br\/wp-content\/uploads\/2022\/04\/cropped-logo-Final.gif\",\"contentUrl\":\"https:\/\/selfdigital.com.br\/wp-content\/uploads\/2022\/04\/cropped-logo-Final.gif\",\"width\":300,\"height\":90,\"caption\":\"Self Digital\"},\"image\":{\"@id\":\"https:\/\/selfdigital.com.br\/#\/schema\/logo\/image\/\"}}]}<\/script>\n<!-- \/ Yoast SEO plugin. -->","yoast_head_json":{"title":"Termos de Uso - Self Digital","robots":{"index":"index","follow":"follow","max-snippet":"max-snippet:-1","max-image-preview":"max-image-preview:large","max-video-preview":"max-video-preview:-1"},"canonical":"https:\/\/selfdigital.com.br\/es\/termos-de-uso\/","og_locale":"es_ES","og_type":"article","og_title":"Termos de Uso - Self Digital","og_description":"Sobre o conte\u00fado do blogO conte\u00fado publicado aqui, encontra-se protegido pela\u00a0Lei de Direitos Autorais. Quando utilizo material de terceiros, este \u00e9 devidamente creditado, com\u00a0link\u00a0para a p\u00e1gina de origem, se houver. Cada post demanda tempo, pesquisa e dedica\u00e7\u00e3o para ser feito, ent\u00e3o se voc\u00ea gostou, indique o\u00a0link\u00a0sem copiar o conte\u00fado na \u00edntegra, pois isto configura pl\u00e1gio. [&hellip;]","og_url":"https:\/\/selfdigital.com.br\/es\/termos-de-uso\/","og_site_name":"Self Digital","article_modified_time":"2022-05-04T20:46:39+00:00","twitter_card":"summary_large_image","twitter_misc":{"Est. reading time":"2 minutes"},"schema":{"@context":"https:\/\/schema.org","@graph":[{"@type":"WebPage","@id":"https:\/\/selfdigital.com.br\/termos-de-uso","url":"https:\/\/selfdigital.com.br\/termos-de-uso","name":"Termos de Uso - Self Digital","isPartOf":{"@id":"https:\/\/selfdigital.com.br\/#website"},"datePublished":"2021-07-20T01:12:00+00:00","dateModified":"2022-05-04T20:46:39+00:00","breadcrumb":{"@id":"https:\/\/selfdigital.com.br\/termos-de-uso#breadcrumb"},"inLanguage":"es-ES","potentialAction":[{"@type":"ReadAction","target":["https:\/\/selfdigital.com.br\/termos-de-uso"]}]},{"@type":"BreadcrumbList","@id":"https:\/\/selfdigital.com.br\/termos-de-uso#breadcrumb","itemListElement":[{"@type":"ListItem","position":1,"name":"In\u00edcio","item":"https:\/\/selfdigital.com.br\/"},{"@type":"ListItem","position":2,"name":"Termos de Uso"}]},{"@type":"WebSite","@id":"https:\/\/selfdigital.com.br\/#website","url":"https:\/\/selfdigital.com.br\/","name":"Yo digital","description":"Un portal con consejos financieros, apps y deportes para ti","publisher":{"@id":"https:\/\/selfdigital.com.br\/#organization"},"potentialAction":[{"@type":"SearchAction","target":{"@type":"EntryPoint","urlTemplate":"https:\/\/selfdigital.com.br\/?s={search_term_string}"},"query-input":{"@type":"PropertyValueSpecification","valueRequired":true,"valueName":"search_term_string"}}],"inLanguage":"es-ES"},{"@type":"Organization","@id":"https:\/\/selfdigital.com.br\/#organization","name":"Yo digital","url":"https:\/\/selfdigital.com.br\/","logo":{"@type":"ImageObject","inLanguage":"es-ES","@id":"https:\/\/selfdigital.com.br\/#\/schema\/logo\/image\/","url":"https:\/\/selfdigital.com.br\/wp-content\/uploads\/2022\/04\/cropped-logo-Final.gif","contentUrl":"https:\/\/selfdigital.com.br\/wp-content\/uploads\/2022\/04\/cropped-logo-Final.gif","width":300,"height":90,"caption":"Self Digital"},"image":{"@id":"https:\/\/selfdigital.com.br\/#\/schema\/logo\/image\/"}}]}},"_links":{"self":[{"href":"https:\/\/selfdigital.com.br\/es\/wp-json\/wp\/v2\/pages\/4624","targetHints":{"allow":["GET"]}}],"collection":[{"href":"https:\/\/selfdigital.com.br\/es\/wp-json\/wp\/v2\/pages"}],"about":[{"href":"https:\/\/selfdigital.com.br\/es\/wp-json\/wp\/v2\/types\/page"}],"author":[{"embeddable":true,"href":"https:\/\/selfdigital.com.br\/es\/wp-json\/wp\/v2\/users\/1"}],"replies":[{"embeddable":true,"href":"https:\/\/selfdigital.com.br\/es\/wp-json\/wp\/v2\/comments?post=4624"}],"version-history":[{"count":1,"href":"https:\/\/selfdigital.com.br\/es\/wp-json\/wp\/v2\/pages\/4624\/revisions"}],"predecessor-version":[{"id":5300,"href":"https:\/\/selfdigital.com.br\/es\/wp-json\/wp\/v2\/pages\/4624\/revisions\/5300"}],"wp:attachment":[{"href":"https:\/\/selfdigital.com.br\/es\/wp-json\/wp\/v2\/media?parent=4624"}],"curies":[{"name":"wp","href":"https:\/\/api.w.org\/{rel}","templated":true}]}}