{"id":142,"date":"2019-10-10T20:41:06","date_gmt":"2019-10-10T23:41:06","guid":{"rendered":"https:\/\/selfdigital.com.br\/?page_id=142"},"modified":"2024-07-31T15:54:27","modified_gmt":"2024-07-31T18:54:27","slug":"politica-de-privacidade","status":"publish","type":"page","link":"https:\/\/selfdigital.com.br\/fr\/politica-de-privacidade","title":{"rendered":"Cookies et politiques de confidentialit\u00e9"},"content":{"rendered":"<html><body><h2 class=\"wp-block-heading\">Politique de confidentialit\u00e9 de Self Digital<\/h2>\n\n\n\n<p>Ce site utilise des cookies publicitaires, notamment ceux de Google, qui utilisent des cookies pour diffuser des annonces en fonction des visites pr\u00e9c\u00e9dentes d&#039;un utilisateur sur votre site Web ou d&#039;autres sites Web.<\/p>\n\n\n\n<p>Gr\u00e2ce \u00e0 des cookies publicitaires, Google et ses partenaires peuvent diffuser des annonces aux utilisateurs en fonction de leur visite sur vos sites et\/ou d&#039;autres sites sur Internet.<\/p>\n\n\n\n<p>Vous pouvez d\u00e9sactiver la publicit\u00e9 personnalis\u00e9e en visitant le\u00a0<a href=\"https:\/\/www.google.com\/settings\/ads\">Param\u00e8tres des annonces<\/a>. Alternativement, vous pouvez acc\u00e9der au site Web\u00a0<a href=\"http:\/\/www.aboutads.info\/choices\/\">www.aboutads.info<\/a>\u00a0pour d\u00e9sactiver l&#039;utilisation de cookies publicitaires personnalis\u00e9s tiers.<\/p>\n\n\n\n<p>Toutes vos informations personnelles collect\u00e9es seront utilis\u00e9es pour rendre votre visite sur notre site Web aussi productive et agr\u00e9able que possible.<\/p>\n\n\n\n<p>Assurer la confidentialit\u00e9 des donn\u00e9es personnelles des utilisateurs de notre site Web est important pour la <b>Soi num\u00e9rique<\/b>.<\/p>\n\n\n\n<p>Toutes les informations personnelles relatives aux membres, abonn\u00e9s, clients ou visiteurs qui utilisent le <b>Soi num\u00e9rique<\/b>\u00a0seront trait\u00e9es conform\u00e9ment \u00e0 la loi sur la protection des donn\u00e9es personnelles du 26 octobre 1998 (loi n\u00b0 67\/98).<\/p>\n\n\n\n<p>Les informations personnelles collect\u00e9es peuvent inclure votre nom, votre adresse \u00e9lectronique, votre num\u00e9ro de t\u00e9l\u00e9phone et\/ou de portable, votre adresse, votre date de naissance et\/ou autres.<\/p>\n\n\n\n<p>Utilisation\/navigation sur le blog <b>Soi num\u00e9rique<\/b> suppose l&#039;acceptation du pr\u00e9sent accord de confidentialit\u00e9. L&#039;\u00e9quipe de <b>Soi num\u00e9rique<\/b>\u00a0se r\u00e9serve le droit de modifier cet accord sans pr\u00e9avis. Nous vous recommandons donc de consulter r\u00e9guli\u00e8rement notre politique de confidentialit\u00e9 pour vous assurer d&#039;\u00eatre toujours \u00e0 jour.<\/p>\n\n\n\n<h2 class=\"wp-block-heading\">Les annonces<\/h2>\n\n\n\n<p>Comme d\u2019autres sites Web, nous collectons et utilisons les informations contenues dans les publicit\u00e9s. Les informations contenues dans les publicit\u00e9s incluent votre adresse IP (Internet Protocol), votre FAI (fournisseur d&#039;acc\u00e8s Internet, tel que Sapo, Clix ou autre), le navigateur que vous avez utilis\u00e9 lors de votre visite sur notre site Web (tel qu&#039;Internet Explorer ou Firefox), l&#039;heure de votre visite et les pages que vous avez visit\u00e9es sur notre site Web.<\/p>\n\n\n\n<h2 class=\"wp-block-heading\">Cookie DoubleClick Dart<\/h2>\n\n\n\n<p>Google, en tant que fournisseur tiers, utilise des cookies pour diffuser des annonces sur notre site Web\u00a0;<\/p>\n\n\n\n<p>Gr\u00e2ce au cookie DART, Google peut afficher des publicit\u00e9s en fonction des visites effectu\u00e9es par le lecteur sur d\u2019autres sites Web sur Internet\u00a0;<\/p>\n\n\n\n<p>Les utilisateurs peuvent refuser l&#039;utilisation du cookie DART en visitant la politique de confidentialit\u00e9 du r\u00e9seau de contenu et d&#039;annonces Google.<\/p>\n\n\n\n<h2 class=\"wp-block-heading\">Cookies et balises Web<\/h2>\n\n\n\n<p>Nous utilisons des cookies pour stocker des informations, telles que vos pr\u00e9f\u00e9rences personnelles lorsque vous visitez notre site Web. Cela peut inclure une simple fen\u00eatre contextuelle ou un lien sur divers services que nous proposons, tels que des forums.<\/p>\n\n\n\n<p>De plus, nous utilisons \u00e9galement des publicit\u00e9s de tiers sur notre site Web pour couvrir les co\u00fbts de maintenance. Certains de ces annonceurs peuvent utiliser des technologies telles que les cookies et\/ou les balises Web lorsqu&#039;ils font de la publicit\u00e9 sur notre site Web, ce qui am\u00e8nera ces annonceurs (tels que Google via Google AdSense) \u00e0 recevoir \u00e9galement vos informations personnelles, telles que votre adresse IP, votre FAI, votre navigateur, etc. Cette fonction est g\u00e9n\u00e9ralement utilis\u00e9e pour le ciblage g\u00e9ographique (afficher des publicit\u00e9s de Lisbonne uniquement aux lecteurs de Lisbonne, par exemple) ou afficher des publicit\u00e9s cibl\u00e9es sur un type d&#039;utilisateur (comme afficher des publicit\u00e9s de restaurant \u00e0 un utilisateur qui visite r\u00e9guli\u00e8rement des sites de cuisine, par exemple).<\/p>\n\n\n\n<p>Vous avez la possibilit\u00e9 de d\u00e9sactiver vos cookies, dans les options de votre navigateur, ou en modifiant les outils des programmes antivirus, tels que Norton Internet Security. Cependant, cela peut modifier la fa\u00e7on dont vous interagissez avec notre site Web ou d&#039;autres sites Web. Cela peut affecter ou emp\u00eacher votre connexion \u00e0 des programmes, sites Web ou forums sur nos r\u00e9seaux et d&#039;autres r\u00e9seaux.<\/p>\n\n\n\n<h2 class=\"wp-block-heading\">Liens vers des sites tiers<\/h2>\n\n\n\n<p>LE <b>Soi num\u00e9rique<\/b>\u00a0contient des liens vers d&#039;autres sites Web qui, \u00e0 notre avis, peuvent contenir des informations \/ outils utiles pour nos visiteurs. Notre politique de confidentialit\u00e9 ne s&#039;applique pas aux sites Web tiers, donc si vous visitez un autre site Web que le n\u00f4tre, vous devez lire sa politique de confidentialit\u00e9.<\/p>\n\n\n\n<p>Nous ne sommes pas responsables de la politique de confidentialit\u00e9 ni du contenu pr\u00e9sent sur ces m\u00eames sites.<\/p>\n\n\n\n<p>Le site web <b>Soi num\u00e9rique <\/b>d\u00e9clare qu&#039;il n&#039;utilise pas les courriers \u00e9lectroniques \u00e0 des fins de politiques anti-SPAM ou d&#039;envoi de messages ind\u00e9sirables.<\/p>\n\n\n\n<h2 class=\"wp-block-heading\">Publicit\u00e9s et AdSense<\/h2>\n\n\n\n<p>Le site web <b>Soi num\u00e9rique<\/b>\u00a0n&#039;est pas responsable du contenu, des promesses et de la v\u00e9racit\u00e9 des informations contenues dans les publicit\u00e9s affich\u00e9es par ses sponsors, pr\u00e9cisant que toute responsabilit\u00e9 concernant les publicit\u00e9s affich\u00e9es sur le site Web incombe aux annonceurs.<\/p>\n\n\n\n<p>Le site web <b>Soi num\u00e9rique<\/b>\u00a0peut utiliser des cookies et\/ou des balises Web lorsqu&#039;un utilisateur acc\u00e8de aux pages, les cookies qui peuvent \u00eatre utilis\u00e9s sont associ\u00e9s (le cas \u00e9ch\u00e9ant) uniquement au navigateur d&#039;un ordinateur sp\u00e9cifique.<\/p>\n\n\n\n<p>Le site web <b>Soi num\u00e9rique<\/b>\u00a0est mon\u00e9tis\u00e9 par des soci\u00e9t\u00e9s de publicit\u00e9 tierces pour diffuser des publicit\u00e9s lorsque vous visitez notre site Web. Ces soci\u00e9t\u00e9s peuvent utiliser des informations sur vos visites sur ce site Web et d&#039;autres sites Web afin de fournir des publicit\u00e9s sur des biens et services qui vous int\u00e9ressent. Les informations sur vos visites n&#039;incluent pas votre nom, votre adresse, votre adresse e-mail ou votre num\u00e9ro de t\u00e9l\u00e9phone. Pour plus d&#039;informations sur cette pratique et pour savoir comment d\u00e9sactiver le cookie DART, visitez\u00a0<a href=\"http:\/\/www.google.com\/privacy_ads.html\">Politique de confidentialit\u00e9 des annonces et du contenu de Google<\/a> et le\u00a0<a href=\"http:\/\/emea.doubleclick.com\/PT-BR\/privacy\/faq.aspx\">FAQ sur la confidentialit\u00e9<\/a>.<\/p>\n\n\n\n<p>LE <b>Soi num\u00e9rique<\/b>\u00a0ne capture ni ne g\u00e8re les donn\u00e9es des utilisateurs, les publicit\u00e9s peuvent utiliser des cookies et toutes les informations sur les annonceurs sont accessibles via le lien\u00a0<a href=\"https:\/\/www.google.com\/policies\/technologies\/partner-sites\/\">https:\/\/www.google.com\/policies\/technologies\/partner-sites\/<\/a>\u00a0o\u00f9 il est expliqu\u00e9 en d\u00e9tail comment Google g\u00e8re les donn\u00e9es dans ses produits publicitaires.<\/p>\n\n\n\n<p>Les cookies utilis\u00e9s sur ce site Web peuvent \u00eatre install\u00e9s par le site Web lui-m\u00eame, provenant de diff\u00e9rents serveurs exploit\u00e9s par le site Web, ou de serveurs de tiers qui fournissent des services et installent des cookies et\/ou des balises Web. Pour citer un exemple, les cookies sont utilis\u00e9s pour fournir des services publicitaires gr\u00e2ce auxquels l&#039;utilisateur visualise des publicit\u00e9s ou du contenu \u00e0 des heures pr\u00e9d\u00e9termin\u00e9es. L&#039;utilisateur peut effectuer des recherches sur le disque dur de son ordinateur selon les instructions du navigateur lui-m\u00eame.<\/p>\n\n\n\n<p>L&#039;utilisateur a la possibilit\u00e9 de configurer son navigateur pour \u00eatre averti, sur l&#039;\u00e9cran de son ordinateur, de la r\u00e9ception de cookies et pour emp\u00eacher leur installation sur le disque dur, les informations relatives \u00e0 cette configuration sont disponibles dans les instructions du navigateur lui-m\u00eame.<\/p>\n\n\n\n<p>Ce site Web utilise le remarketing avec Google Analytics pour faire de la publicit\u00e9 en ligne.<\/p>\n\n\n\n<p>Les fournisseurs tiers, dont Google, diffusent leurs annonces sur des sites Web partout sur Internet.<\/p>\n\n\n\n<p>Nous, ainsi que des fournisseurs tiers, dont Google, utilisons des cookies propri\u00e9taires (tels que le cookie Google Analytics) et des cookies tiers (tels que le cookie DoubleClick) ensemble pour informer, optimiser et diffuser des annonces en fonction des visites pr\u00e9c\u00e9dentes d&#039;un internaute sur notre site Web.<\/p>\n\n\n\n<p>Nous, ainsi que des fournisseurs tiers, dont Google, utilisons des cookies propri\u00e9taires (tels que le cookie Google Analytics) et des cookies tiers (tels que le cookie DoubleClick) ensemble pour signaler la mani\u00e8re dont vos impressions d&#039;annonces, vos autres utilisations de services publicitaires et vos interactions avec ces impressions d&#039;annonces et ces services publicitaires sont li\u00e9es aux visites sur votre site Web.<\/p>\n\n\n\n<p>Comment Google utilise les donn\u00e9es provenant de la publicit\u00e9 cibl\u00e9e par centres d&#039;int\u00e9r\u00eat ou des donn\u00e9es d&#039;audience tierces (telles que l&#039;\u00e2ge, le sexe et les centres d&#039;int\u00e9r\u00eat) avec Google Analytics. Si vous avez besoin de plus d&#039;informations, avez des questions ou souhaitez faire des demandes, veuillez utiliser le formulaire de contact.<\/p>\n<\/body><\/html>","protected":false},"excerpt":{"rendered":"<p>Pol\u00edtica de privacidade para Self Digital Este site utiliza cookies de publicidade incluindo o Google, usam cookies para veicular an\u00fancios com base em visitas anteriores do usu\u00e1rio ao seu website ou a outros websites. Com o uso de cookies de publicidade, o Google e os parceiros podem veicular an\u00fancios para os usu\u00e1rios com base nas [&hellip;]<\/p>","protected":false},"author":1,"featured_media":0,"parent":0,"menu_order":0,"comment_status":"closed","ping_status":"closed","template":"","meta":{"footnotes":""},"class_list":["post-142","page","type-page","status-publish","hentry"],"yoast_head":"<!-- This site is optimized with the Yoast SEO plugin v26.8 - https:\/\/yoast.com\/product\/yoast-seo-wordpress\/ -->\n<title>Politicas de Cookies e Privacidade - Self Digital<\/title>\n<meta name=\"description\" content=\"Este site utiliza cookies de publicidade incluindo o Google, usam cookies para veicular an\u00fancios com base em visitas anteriores do usu\u00e1rio.\" \/>\n<meta name=\"robots\" content=\"index, nofollow, max-snippet:-1, max-image-preview:large, max-video-preview:-1\" \/>\n<link rel=\"canonical\" href=\"https:\/\/selfdigital.com.br\/fr\/politica-de-privacidade\/\" \/>\n<meta property=\"og:locale\" content=\"fr_FR\" \/>\n<meta property=\"og:type\" content=\"article\" \/>\n<meta property=\"og:title\" content=\"Politicas de Cookies e Privacidade - Self Digital\" \/>\n<meta property=\"og:description\" content=\"Este site utiliza cookies de publicidade incluindo o Google, usam cookies para veicular an\u00fancios com base em visitas anteriores do usu\u00e1rio.\" \/>\n<meta property=\"og:url\" content=\"https:\/\/selfdigital.com.br\/fr\/politica-de-privacidade\/\" \/>\n<meta property=\"og:site_name\" content=\"Self Digital\" \/>\n<meta property=\"article:modified_time\" content=\"2024-07-31T18:54:27+00:00\" \/>\n<meta name=\"twitter:card\" content=\"summary_large_image\" \/>\n<meta name=\"twitter:label1\" content=\"Est. reading time\" \/>\n\t<meta name=\"twitter:data1\" content=\"7 minutes\" \/>\n<script type=\"application\/ld+json\" class=\"yoast-schema-graph\">{\"@context\":\"https:\/\/schema.org\",\"@graph\":[{\"@type\":\"WebPage\",\"@id\":\"https:\/\/selfdigital.com.br\/politica-de-privacidade\",\"url\":\"https:\/\/selfdigital.com.br\/politica-de-privacidade\",\"name\":\"Politicas de Cookies e Privacidade - Self Digital\",\"isPartOf\":{\"@id\":\"https:\/\/selfdigital.com.br\/#website\"},\"datePublished\":\"2019-10-10T23:41:06+00:00\",\"dateModified\":\"2024-07-31T18:54:27+00:00\",\"description\":\"Este site utiliza cookies de publicidade incluindo o Google, usam cookies para veicular an\u00fancios com base em visitas anteriores do usu\u00e1rio.\",\"breadcrumb\":{\"@id\":\"https:\/\/selfdigital.com.br\/politica-de-privacidade#breadcrumb\"},\"inLanguage\":\"fr-FR\",\"potentialAction\":[{\"@type\":\"ReadAction\",\"target\":[\"https:\/\/selfdigital.com.br\/politica-de-privacidade\"]}]},{\"@type\":\"BreadcrumbList\",\"@id\":\"https:\/\/selfdigital.com.br\/politica-de-privacidade#breadcrumb\",\"itemListElement\":[{\"@type\":\"ListItem\",\"position\":1,\"name\":\"In\u00edcio\",\"item\":\"https:\/\/selfdigital.com.br\/\"},{\"@type\":\"ListItem\",\"position\":2,\"name\":\"Politicas de Cookies e Privacidade\"}]},{\"@type\":\"WebSite\",\"@id\":\"https:\/\/selfdigital.com.br\/#website\",\"url\":\"https:\/\/selfdigital.com.br\/\",\"name\":\"Self Digital\",\"description\":\"Um Portal Com Dicas de Finan\u00e7as, Aplicativos e Esporte Para Voc\u00ea\",\"publisher\":{\"@id\":\"https:\/\/selfdigital.com.br\/#organization\"},\"potentialAction\":[{\"@type\":\"SearchAction\",\"target\":{\"@type\":\"EntryPoint\",\"urlTemplate\":\"https:\/\/selfdigital.com.br\/?s={search_term_string}\"},\"query-input\":{\"@type\":\"PropertyValueSpecification\",\"valueRequired\":true,\"valueName\":\"search_term_string\"}}],\"inLanguage\":\"fr-FR\"},{\"@type\":\"Organization\",\"@id\":\"https:\/\/selfdigital.com.br\/#organization\",\"name\":\"Self Digital\",\"url\":\"https:\/\/selfdigital.com.br\/\",\"logo\":{\"@type\":\"ImageObject\",\"inLanguage\":\"fr-FR\",\"@id\":\"https:\/\/selfdigital.com.br\/#\/schema\/logo\/image\/\",\"url\":\"https:\/\/selfdigital.com.br\/wp-content\/uploads\/2022\/04\/cropped-logo-Final.gif\",\"contentUrl\":\"https:\/\/selfdigital.com.br\/wp-content\/uploads\/2022\/04\/cropped-logo-Final.gif\",\"width\":300,\"height\":90,\"caption\":\"Self Digital\"},\"image\":{\"@id\":\"https:\/\/selfdigital.com.br\/#\/schema\/logo\/image\/\"}}]}<\/script>\n<!-- \/ Yoast SEO plugin. -->","yoast_head_json":{"title":"Politicas de Cookies e Privacidade - Self Digital","description":"Este site utiliza cookies de publicidade incluindo o Google, usam cookies para veicular an\u00fancios com base em visitas anteriores do usu\u00e1rio.","robots":{"index":"index","follow":"nofollow","max-snippet":"max-snippet:-1","max-image-preview":"max-image-preview:large","max-video-preview":"max-video-preview:-1"},"canonical":"https:\/\/selfdigital.com.br\/fr\/politica-de-privacidade\/","og_locale":"fr_FR","og_type":"article","og_title":"Politicas de Cookies e Privacidade - Self Digital","og_description":"Este site utiliza cookies de publicidade incluindo o Google, usam cookies para veicular an\u00fancios com base em visitas anteriores do usu\u00e1rio.","og_url":"https:\/\/selfdigital.com.br\/fr\/politica-de-privacidade\/","og_site_name":"Self Digital","article_modified_time":"2024-07-31T18:54:27+00:00","twitter_card":"summary_large_image","twitter_misc":{"Est. reading time":"7 minutes"},"schema":{"@context":"https:\/\/schema.org","@graph":[{"@type":"WebPage","@id":"https:\/\/selfdigital.com.br\/politica-de-privacidade","url":"https:\/\/selfdigital.com.br\/politica-de-privacidade","name":"Politicas de Cookies e Privacidade - Self Digital","isPartOf":{"@id":"https:\/\/selfdigital.com.br\/#website"},"datePublished":"2019-10-10T23:41:06+00:00","dateModified":"2024-07-31T18:54:27+00:00","description":"Este site utiliza cookies de publicidade incluindo o Google, usam cookies para veicular an\u00fancios com base em visitas anteriores do usu\u00e1rio.","breadcrumb":{"@id":"https:\/\/selfdigital.com.br\/politica-de-privacidade#breadcrumb"},"inLanguage":"fr-FR","potentialAction":[{"@type":"ReadAction","target":["https:\/\/selfdigital.com.br\/politica-de-privacidade"]}]},{"@type":"BreadcrumbList","@id":"https:\/\/selfdigital.com.br\/politica-de-privacidade#breadcrumb","itemListElement":[{"@type":"ListItem","position":1,"name":"In\u00edcio","item":"https:\/\/selfdigital.com.br\/"},{"@type":"ListItem","position":2,"name":"Politicas de Cookies e Privacidade"}]},{"@type":"WebSite","@id":"https:\/\/selfdigital.com.br\/#website","url":"https:\/\/selfdigital.com.br\/","name":"Soi num\u00e9rique","description":"Un portail avec des finances, des applications et des conseils sportifs pour vous","publisher":{"@id":"https:\/\/selfdigital.com.br\/#organization"},"potentialAction":[{"@type":"SearchAction","target":{"@type":"EntryPoint","urlTemplate":"https:\/\/selfdigital.com.br\/?s={search_term_string}"},"query-input":{"@type":"PropertyValueSpecification","valueRequired":true,"valueName":"search_term_string"}}],"inLanguage":"fr-FR"},{"@type":"Organization","@id":"https:\/\/selfdigital.com.br\/#organization","name":"Soi num\u00e9rique","url":"https:\/\/selfdigital.com.br\/","logo":{"@type":"ImageObject","inLanguage":"fr-FR","@id":"https:\/\/selfdigital.com.br\/#\/schema\/logo\/image\/","url":"https:\/\/selfdigital.com.br\/wp-content\/uploads\/2022\/04\/cropped-logo-Final.gif","contentUrl":"https:\/\/selfdigital.com.br\/wp-content\/uploads\/2022\/04\/cropped-logo-Final.gif","width":300,"height":90,"caption":"Self Digital"},"image":{"@id":"https:\/\/selfdigital.com.br\/#\/schema\/logo\/image\/"}}]}},"_links":{"self":[{"href":"https:\/\/selfdigital.com.br\/fr\/wp-json\/wp\/v2\/pages\/142","targetHints":{"allow":["GET"]}}],"collection":[{"href":"https:\/\/selfdigital.com.br\/fr\/wp-json\/wp\/v2\/pages"}],"about":[{"href":"https:\/\/selfdigital.com.br\/fr\/wp-json\/wp\/v2\/types\/page"}],"author":[{"embeddable":true,"href":"https:\/\/selfdigital.com.br\/fr\/wp-json\/wp\/v2\/users\/1"}],"replies":[{"embeddable":true,"href":"https:\/\/selfdigital.com.br\/fr\/wp-json\/wp\/v2\/comments?post=142"}],"version-history":[{"count":2,"href":"https:\/\/selfdigital.com.br\/fr\/wp-json\/wp\/v2\/pages\/142\/revisions"}],"predecessor-version":[{"id":6556,"href":"https:\/\/selfdigital.com.br\/fr\/wp-json\/wp\/v2\/pages\/142\/revisions\/6556"}],"wp:attachment":[{"href":"https:\/\/selfdigital.com.br\/fr\/wp-json\/wp\/v2\/media?parent=142"}],"curies":[{"name":"wp","href":"https:\/\/api.w.org\/{rel}","templated":true}]}}