{"id":3881,"date":"2021-04-07T12:02:52","date_gmt":"2021-04-07T15:02:52","guid":{"rendered":"https:\/\/selfdigital.com.br\/?page_id=3881"},"modified":"2024-07-31T15:36:02","modified_gmt":"2024-07-31T18:36:02","slug":"fale-conosco","status":"publish","type":"page","link":"https:\/\/selfdigital.com.br\/fr\/fale-conosco","title":{"rendered":"Contactez-nous"},"content":{"rendered":"<html><body><p>Chez Self Digital, nous aimons entendre nos lecteurs\u00a0! Si vous avez des questions, des suggestions ou si vous souhaitez simplement discuter de technologie, nous sommes disponibles. Voici comment vous pouvez nous contacter :<\/p>\n\n\n\n<h3 class=\"wp-block-heading\">E-mail<\/h3>\n\n\n\n<p>Vous pr\u00e9f\u00e9rez nous envoyer un email ? Aucun probl\u00e8me! Envoyez votre message \u00e0 : agenciaselfdigital@gmail.com<\/p>\n\n\n\n<p>Nous sommes impatients de vous entendre\u00a0!<\/p>\n<\/body><\/html>","protected":false},"excerpt":{"rendered":"<p>N\u00f3s do Self Digital adoramos ouvir nossos leitores! Se voc\u00ea tem alguma d\u00favida, sugest\u00e3o, ou apenas quer bater um papo sobre tecnologia, estamos \u00e0 disposi\u00e7\u00e3o. Veja como voc\u00ea pode entrar em contato conosco: Email Prefere nos enviar um email? Sem problemas! Mande sua mensagem para: agenciaselfdigital@gmail.com Estamos ansiosos para ouvir de voc\u00ea!<\/p>","protected":false},"author":1,"featured_media":0,"parent":0,"menu_order":0,"comment_status":"closed","ping_status":"closed","template":"","meta":{"footnotes":""},"class_list":["post-3881","page","type-page","status-publish","hentry"],"yoast_head":"<!-- This site is optimized with the Yoast SEO plugin v26.8 - https:\/\/yoast.com\/product\/yoast-seo-wordpress\/ -->\n<title>Fale Conosco - Self Digital<\/title>\n<meta name=\"robots\" content=\"index, follow, max-snippet:-1, max-image-preview:large, max-video-preview:-1\" \/>\n<link rel=\"canonical\" href=\"https:\/\/selfdigital.com.br\/fr\/fale-conosco\/\" \/>\n<meta property=\"og:locale\" content=\"fr_FR\" \/>\n<meta property=\"og:type\" content=\"article\" \/>\n<meta property=\"og:title\" content=\"Fale Conosco - Self Digital\" \/>\n<meta property=\"og:description\" content=\"N\u00f3s do Self Digital adoramos ouvir nossos leitores! Se voc\u00ea tem alguma d\u00favida, sugest\u00e3o, ou apenas quer bater um papo sobre tecnologia, estamos \u00e0 disposi\u00e7\u00e3o. Veja como voc\u00ea pode entrar em contato conosco: Email Prefere nos enviar um email? Sem problemas! Mande sua mensagem para: agenciaselfdigital@gmail.com Estamos ansiosos para ouvir de voc\u00ea!\" \/>\n<meta property=\"og:url\" content=\"https:\/\/selfdigital.com.br\/fr\/fale-conosco\/\" \/>\n<meta property=\"og:site_name\" content=\"Self Digital\" \/>\n<meta property=\"article:modified_time\" content=\"2024-07-31T18:36:02+00:00\" \/>\n<meta name=\"twitter:card\" content=\"summary_large_image\" \/>\n<meta name=\"twitter:label1\" content=\"Est. reading time\" \/>\n\t<meta name=\"twitter:data1\" content=\"1 minute\" \/>\n<script type=\"application\/ld+json\" class=\"yoast-schema-graph\">{\"@context\":\"https:\/\/schema.org\",\"@graph\":[{\"@type\":\"WebPage\",\"@id\":\"https:\/\/selfdigital.com.br\/fale-conosco\",\"url\":\"https:\/\/selfdigital.com.br\/fale-conosco\",\"name\":\"Fale Conosco - Self Digital\",\"isPartOf\":{\"@id\":\"https:\/\/selfdigital.com.br\/#website\"},\"datePublished\":\"2021-04-07T15:02:52+00:00\",\"dateModified\":\"2024-07-31T18:36:02+00:00\",\"breadcrumb\":{\"@id\":\"https:\/\/selfdigital.com.br\/fale-conosco#breadcrumb\"},\"inLanguage\":\"fr-FR\",\"potentialAction\":[{\"@type\":\"ReadAction\",\"target\":[\"https:\/\/selfdigital.com.br\/fale-conosco\"]}]},{\"@type\":\"BreadcrumbList\",\"@id\":\"https:\/\/selfdigital.com.br\/fale-conosco#breadcrumb\",\"itemListElement\":[{\"@type\":\"ListItem\",\"position\":1,\"name\":\"In\u00edcio\",\"item\":\"https:\/\/selfdigital.com.br\/\"},{\"@type\":\"ListItem\",\"position\":2,\"name\":\"Fale Conosco\"}]},{\"@type\":\"WebSite\",\"@id\":\"https:\/\/selfdigital.com.br\/#website\",\"url\":\"https:\/\/selfdigital.com.br\/\",\"name\":\"Self Digital\",\"description\":\"Um Portal Com Dicas de Finan\u00e7as, Aplicativos e Esporte Para Voc\u00ea\",\"publisher\":{\"@id\":\"https:\/\/selfdigital.com.br\/#organization\"},\"potentialAction\":[{\"@type\":\"SearchAction\",\"target\":{\"@type\":\"EntryPoint\",\"urlTemplate\":\"https:\/\/selfdigital.com.br\/?s={search_term_string}\"},\"query-input\":{\"@type\":\"PropertyValueSpecification\",\"valueRequired\":true,\"valueName\":\"search_term_string\"}}],\"inLanguage\":\"fr-FR\"},{\"@type\":\"Organization\",\"@id\":\"https:\/\/selfdigital.com.br\/#organization\",\"name\":\"Self Digital\",\"url\":\"https:\/\/selfdigital.com.br\/\",\"logo\":{\"@type\":\"ImageObject\",\"inLanguage\":\"fr-FR\",\"@id\":\"https:\/\/selfdigital.com.br\/#\/schema\/logo\/image\/\",\"url\":\"https:\/\/selfdigital.com.br\/wp-content\/uploads\/2022\/04\/cropped-logo-Final.gif\",\"contentUrl\":\"https:\/\/selfdigital.com.br\/wp-content\/uploads\/2022\/04\/cropped-logo-Final.gif\",\"width\":300,\"height\":90,\"caption\":\"Self Digital\"},\"image\":{\"@id\":\"https:\/\/selfdigital.com.br\/#\/schema\/logo\/image\/\"}}]}<\/script>\n<!-- \/ Yoast SEO plugin. -->","yoast_head_json":{"title":"Fale Conosco - Self Digital","robots":{"index":"index","follow":"follow","max-snippet":"max-snippet:-1","max-image-preview":"max-image-preview:large","max-video-preview":"max-video-preview:-1"},"canonical":"https:\/\/selfdigital.com.br\/fr\/fale-conosco\/","og_locale":"fr_FR","og_type":"article","og_title":"Fale Conosco - Self Digital","og_description":"N\u00f3s do Self Digital adoramos ouvir nossos leitores! Se voc\u00ea tem alguma d\u00favida, sugest\u00e3o, ou apenas quer bater um papo sobre tecnologia, estamos \u00e0 disposi\u00e7\u00e3o. Veja como voc\u00ea pode entrar em contato conosco: Email Prefere nos enviar um email? Sem problemas! Mande sua mensagem para: agenciaselfdigital@gmail.com Estamos ansiosos para ouvir de voc\u00ea!","og_url":"https:\/\/selfdigital.com.br\/fr\/fale-conosco\/","og_site_name":"Self Digital","article_modified_time":"2024-07-31T18:36:02+00:00","twitter_card":"summary_large_image","twitter_misc":{"Est. reading time":"1 minute"},"schema":{"@context":"https:\/\/schema.org","@graph":[{"@type":"WebPage","@id":"https:\/\/selfdigital.com.br\/fale-conosco","url":"https:\/\/selfdigital.com.br\/fale-conosco","name":"Fale Conosco - Self Digital","isPartOf":{"@id":"https:\/\/selfdigital.com.br\/#website"},"datePublished":"2021-04-07T15:02:52+00:00","dateModified":"2024-07-31T18:36:02+00:00","breadcrumb":{"@id":"https:\/\/selfdigital.com.br\/fale-conosco#breadcrumb"},"inLanguage":"fr-FR","potentialAction":[{"@type":"ReadAction","target":["https:\/\/selfdigital.com.br\/fale-conosco"]}]},{"@type":"BreadcrumbList","@id":"https:\/\/selfdigital.com.br\/fale-conosco#breadcrumb","itemListElement":[{"@type":"ListItem","position":1,"name":"In\u00edcio","item":"https:\/\/selfdigital.com.br\/"},{"@type":"ListItem","position":2,"name":"Fale Conosco"}]},{"@type":"WebSite","@id":"https:\/\/selfdigital.com.br\/#website","url":"https:\/\/selfdigital.com.br\/","name":"Soi num\u00e9rique","description":"Un portail avec des finances, des applications et des conseils sportifs pour vous","publisher":{"@id":"https:\/\/selfdigital.com.br\/#organization"},"potentialAction":[{"@type":"SearchAction","target":{"@type":"EntryPoint","urlTemplate":"https:\/\/selfdigital.com.br\/?s={search_term_string}"},"query-input":{"@type":"PropertyValueSpecification","valueRequired":true,"valueName":"search_term_string"}}],"inLanguage":"fr-FR"},{"@type":"Organization","@id":"https:\/\/selfdigital.com.br\/#organization","name":"Soi num\u00e9rique","url":"https:\/\/selfdigital.com.br\/","logo":{"@type":"ImageObject","inLanguage":"fr-FR","@id":"https:\/\/selfdigital.com.br\/#\/schema\/logo\/image\/","url":"https:\/\/selfdigital.com.br\/wp-content\/uploads\/2022\/04\/cropped-logo-Final.gif","contentUrl":"https:\/\/selfdigital.com.br\/wp-content\/uploads\/2022\/04\/cropped-logo-Final.gif","width":300,"height":90,"caption":"Self Digital"},"image":{"@id":"https:\/\/selfdigital.com.br\/#\/schema\/logo\/image\/"}}]}},"_links":{"self":[{"href":"https:\/\/selfdigital.com.br\/fr\/wp-json\/wp\/v2\/pages\/3881","targetHints":{"allow":["GET"]}}],"collection":[{"href":"https:\/\/selfdigital.com.br\/fr\/wp-json\/wp\/v2\/pages"}],"about":[{"href":"https:\/\/selfdigital.com.br\/fr\/wp-json\/wp\/v2\/types\/page"}],"author":[{"embeddable":true,"href":"https:\/\/selfdigital.com.br\/fr\/wp-json\/wp\/v2\/users\/1"}],"replies":[{"embeddable":true,"href":"https:\/\/selfdigital.com.br\/fr\/wp-json\/wp\/v2\/comments?post=3881"}],"version-history":[{"count":5,"href":"https:\/\/selfdigital.com.br\/fr\/wp-json\/wp\/v2\/pages\/3881\/revisions"}],"predecessor-version":[{"id":6547,"href":"https:\/\/selfdigital.com.br\/fr\/wp-json\/wp\/v2\/pages\/3881\/revisions\/6547"}],"wp:attachment":[{"href":"https:\/\/selfdigital.com.br\/fr\/wp-json\/wp\/v2\/media?parent=3881"}],"curies":[{"name":"wp","href":"https:\/\/api.w.org\/{rel}","templated":true}]}}