{"id":4624,"date":"2021-07-19T22:12:00","date_gmt":"2021-07-20T01:12:00","guid":{"rendered":"https:\/\/selfdigital.com.br\/?page_id=4624"},"modified":"2022-05-04T17:46:39","modified_gmt":"2022-05-04T20:46:39","slug":"termos-de-uso","status":"publish","type":"page","link":"https:\/\/selfdigital.com.br\/it\/termos-de-uso","title":{"rendered":"Termini di utilizzo"},"content":{"rendered":"<html><body><p><strong>Informazioni sui contenuti del blog<\/strong><br>I contenuti qui pubblicati sono protetti da\u00a0<em><a href=\"http:\/\/www.planalto.gov.br\/ccivil_03\/leis\/L9610.htm\" target=\"_blank\" rel=\"noreferrer noopener\">Legge sul diritto d&#039;autore<\/a><\/em>. Quando utilizzo materiale di terze parti, questo viene debitamente accreditato<em>\u00a0collegamento<\/em>\u00a0alla pagina di origine, se presente. Ogni post richiede tempo, ricerca e dedizione per essere realizzato, quindi se ti \u00e8 piaciuto, indicalo\u00a0<em>collegamento<\/em>\u00a0senza copiarne integralmente il contenuto, in quanto ci\u00f2 costituisce plagio. La pubblicit\u00e0 sar\u00e0 sempre segnalata.<\/p>\n\n\n\n<p><strong>A proposito delle immagini<\/strong><br>Anche le immagini (fotografie e illustrazioni) sono protette da\u00a0<em><a href=\"http:\/\/www.planalto.gov.br\/ccivil_03\/leis\/L9610.htm\" target=\"_blank\" rel=\"noreferrer noopener\">Legge sul diritto d&#039;autore<\/a><\/em>, che pu\u00f2 essere personale o pagato dal cliente. Questo blog non \u00e8 configurato come banca di immagini\u00a0<em>gratuito<\/em>, quindi se vuoi utilizzare una qualsiasi delle mie illustrazioni, dovrai chiedere il permesso, anche se \u00e8 per realizzare una\u00a0<em>inviare<\/em>\u00a0pubblicit\u00e0 sul tuo blog\/sito web.<br>\u00c8 inoltre vietato l&#039;adattamento e la creazione di opere derivate senza previa autorizzazione.<\/p>\n\n\n\n<p><strong>A proposito di commenti<\/strong><br>Qui sul blog diamo valore al rispetto, sopra ogni altra cosa.<br>I commenti sono moderati in modo da poter rispondere a tutti con la stessa attenzione.<br>Non verranno pubblicati messaggi offensivi e pregiudizievoli.<br>Se vuoi fare una critica, sar\u00e0 ben accetta, purch\u00e9 fatta in modo educato.<\/p>\n\n\n\n<p><strong>IMPORTANTE:<\/strong><br>Alcune immagini e articoli sul blog sono riproduzioni da Internet.<br>Se hai trovato un&#039;immagine o un articolo tuo, contattaci in modo che possano essere aggiunti i crediti appropriati o possano essere eliminati tempestivamente.<\/p>\n<\/body><\/html>","protected":false},"excerpt":{"rendered":"<p>Informazioni sul contenuto del blogIl contenuto pubblicato qui \u00e8 protetto dalla legge sul copyright. Quando utilizzo materiale di terze parti, questo viene debitamente accreditato, con un collegamento alla pagina di origine, se presente. Ogni post richiede tempo, ricerca e dedizione per essere realizzato, quindi se ti \u00e8 piaciuto, indica il link senza copiare integralmente il contenuto, poich\u00e9 ci\u00f2 costituisce plagio. [\u2026]<\/p>","protected":false},"author":1,"featured_media":0,"parent":0,"menu_order":0,"comment_status":"closed","ping_status":"closed","template":"","meta":{"footnotes":""},"class_list":["post-4624","page","type-page","status-publish","hentry"],"yoast_head":"<!-- This site is optimized with the Yoast SEO plugin v26.8 - https:\/\/yoast.com\/product\/yoast-seo-wordpress\/ -->\n<title>Termos de Uso - Self Digital<\/title>\n<meta name=\"robots\" content=\"index, follow, max-snippet:-1, max-image-preview:large, max-video-preview:-1\" \/>\n<link rel=\"canonical\" href=\"https:\/\/selfdigital.com.br\/it\/termos-de-uso\/\" \/>\n<meta property=\"og:locale\" content=\"it_IT\" \/>\n<meta property=\"og:type\" content=\"article\" \/>\n<meta property=\"og:title\" content=\"Termos de Uso - Self Digital\" \/>\n<meta property=\"og:description\" content=\"Sobre o conte\u00fado do blogO conte\u00fado publicado aqui, encontra-se protegido pela\u00a0Lei de Direitos Autorais. Quando utilizo material de terceiros, este \u00e9 devidamente creditado, com\u00a0link\u00a0para a p\u00e1gina de origem, se houver. Cada post demanda tempo, pesquisa e dedica\u00e7\u00e3o para ser feito, ent\u00e3o se voc\u00ea gostou, indique o\u00a0link\u00a0sem copiar o conte\u00fado na \u00edntegra, pois isto configura pl\u00e1gio. [&hellip;]\" \/>\n<meta property=\"og:url\" content=\"https:\/\/selfdigital.com.br\/it\/termos-de-uso\/\" \/>\n<meta property=\"og:site_name\" content=\"Self Digital\" \/>\n<meta property=\"article:modified_time\" content=\"2022-05-04T20:46:39+00:00\" \/>\n<meta name=\"twitter:card\" content=\"summary_large_image\" \/>\n<meta name=\"twitter:label1\" content=\"Est. reading time\" \/>\n\t<meta name=\"twitter:data1\" content=\"2 minutes\" \/>\n<script type=\"application\/ld+json\" class=\"yoast-schema-graph\">{\"@context\":\"https:\/\/schema.org\",\"@graph\":[{\"@type\":\"WebPage\",\"@id\":\"https:\/\/selfdigital.com.br\/termos-de-uso\",\"url\":\"https:\/\/selfdigital.com.br\/termos-de-uso\",\"name\":\"Termos de Uso - Self Digital\",\"isPartOf\":{\"@id\":\"https:\/\/selfdigital.com.br\/#website\"},\"datePublished\":\"2021-07-20T01:12:00+00:00\",\"dateModified\":\"2022-05-04T20:46:39+00:00\",\"breadcrumb\":{\"@id\":\"https:\/\/selfdigital.com.br\/termos-de-uso#breadcrumb\"},\"inLanguage\":\"it-IT\",\"potentialAction\":[{\"@type\":\"ReadAction\",\"target\":[\"https:\/\/selfdigital.com.br\/termos-de-uso\"]}]},{\"@type\":\"BreadcrumbList\",\"@id\":\"https:\/\/selfdigital.com.br\/termos-de-uso#breadcrumb\",\"itemListElement\":[{\"@type\":\"ListItem\",\"position\":1,\"name\":\"In\u00edcio\",\"item\":\"https:\/\/selfdigital.com.br\/\"},{\"@type\":\"ListItem\",\"position\":2,\"name\":\"Termos de Uso\"}]},{\"@type\":\"WebSite\",\"@id\":\"https:\/\/selfdigital.com.br\/#website\",\"url\":\"https:\/\/selfdigital.com.br\/\",\"name\":\"Self Digital\",\"description\":\"Um Portal Com Dicas de Finan\u00e7as, Aplicativos e Esporte Para Voc\u00ea\",\"publisher\":{\"@id\":\"https:\/\/selfdigital.com.br\/#organization\"},\"potentialAction\":[{\"@type\":\"SearchAction\",\"target\":{\"@type\":\"EntryPoint\",\"urlTemplate\":\"https:\/\/selfdigital.com.br\/?s={search_term_string}\"},\"query-input\":{\"@type\":\"PropertyValueSpecification\",\"valueRequired\":true,\"valueName\":\"search_term_string\"}}],\"inLanguage\":\"it-IT\"},{\"@type\":\"Organization\",\"@id\":\"https:\/\/selfdigital.com.br\/#organization\",\"name\":\"Self Digital\",\"url\":\"https:\/\/selfdigital.com.br\/\",\"logo\":{\"@type\":\"ImageObject\",\"inLanguage\":\"it-IT\",\"@id\":\"https:\/\/selfdigital.com.br\/#\/schema\/logo\/image\/\",\"url\":\"https:\/\/selfdigital.com.br\/wp-content\/uploads\/2022\/04\/cropped-logo-Final.gif\",\"contentUrl\":\"https:\/\/selfdigital.com.br\/wp-content\/uploads\/2022\/04\/cropped-logo-Final.gif\",\"width\":300,\"height\":90,\"caption\":\"Self Digital\"},\"image\":{\"@id\":\"https:\/\/selfdigital.com.br\/#\/schema\/logo\/image\/\"}}]}<\/script>\n<!-- \/ Yoast SEO plugin. -->","yoast_head_json":{"title":"Termini di utilizzo - Self Digital","robots":{"index":"index","follow":"follow","max-snippet":"max-snippet:-1","max-image-preview":"max-image-preview:large","max-video-preview":"max-video-preview:-1"},"canonical":"https:\/\/selfdigital.com.br\/it\/termos-de-uso\/","og_locale":"it_IT","og_type":"article","og_title":"Termos de Uso - Self Digital","og_description":"Sobre o conte\u00fado do blogO conte\u00fado publicado aqui, encontra-se protegido pela\u00a0Lei de Direitos Autorais. Quando utilizo material de terceiros, este \u00e9 devidamente creditado, com\u00a0link\u00a0para a p\u00e1gina de origem, se houver. Cada post demanda tempo, pesquisa e dedica\u00e7\u00e3o para ser feito, ent\u00e3o se voc\u00ea gostou, indique o\u00a0link\u00a0sem copiar o conte\u00fado na \u00edntegra, pois isto configura pl\u00e1gio. [&hellip;]","og_url":"https:\/\/selfdigital.com.br\/it\/termos-de-uso\/","og_site_name":"Self Digital","article_modified_time":"2022-05-04T20:46:39+00:00","twitter_card":"summary_large_image","twitter_misc":{"Est. reading time":"2 minutes"},"schema":{"@context":"https:\/\/schema.org","@graph":[{"@type":"WebPage","@id":"https:\/\/selfdigital.com.br\/termos-de-uso","url":"https:\/\/selfdigital.com.br\/termos-de-uso","name":"Termini di utilizzo - Self Digital","isPartOf":{"@id":"https:\/\/selfdigital.com.br\/#website"},"datePublished":"2021-07-20T01:12:00+00:00","dateModified":"2022-05-04T20:46:39+00:00","breadcrumb":{"@id":"https:\/\/selfdigital.com.br\/termos-de-uso#breadcrumb"},"inLanguage":"it-IT","potentialAction":[{"@type":"ReadAction","target":["https:\/\/selfdigital.com.br\/termos-de-uso"]}]},{"@type":"BreadcrumbList","@id":"https:\/\/selfdigital.com.br\/termos-de-uso#breadcrumb","itemListElement":[{"@type":"ListItem","position":1,"name":"In\u00edcio","item":"https:\/\/selfdigital.com.br\/"},{"@type":"ListItem","position":2,"name":"Termos de Uso"}]},{"@type":"WebSite","@id":"https:\/\/selfdigital.com.br\/#website","url":"https:\/\/selfdigital.com.br\/","name":"S\u00e9 digitale","description":"Un portale con finanza, applicazioni e consigli sportivi per te","publisher":{"@id":"https:\/\/selfdigital.com.br\/#organization"},"potentialAction":[{"@type":"SearchAction","target":{"@type":"EntryPoint","urlTemplate":"https:\/\/selfdigital.com.br\/?s={search_term_string}"},"query-input":{"@type":"PropertyValueSpecification","valueRequired":true,"valueName":"search_term_string"}}],"inLanguage":"it-IT"},{"@type":"Organization","@id":"https:\/\/selfdigital.com.br\/#organization","name":"S\u00e9 digitale","url":"https:\/\/selfdigital.com.br\/","logo":{"@type":"ImageObject","inLanguage":"it-IT","@id":"https:\/\/selfdigital.com.br\/#\/schema\/logo\/image\/","url":"https:\/\/selfdigital.com.br\/wp-content\/uploads\/2022\/04\/cropped-logo-Final.gif","contentUrl":"https:\/\/selfdigital.com.br\/wp-content\/uploads\/2022\/04\/cropped-logo-Final.gif","width":300,"height":90,"caption":"Self Digital"},"image":{"@id":"https:\/\/selfdigital.com.br\/#\/schema\/logo\/image\/"}}]}},"_links":{"self":[{"href":"https:\/\/selfdigital.com.br\/it\/wp-json\/wp\/v2\/pages\/4624","targetHints":{"allow":["GET"]}}],"collection":[{"href":"https:\/\/selfdigital.com.br\/it\/wp-json\/wp\/v2\/pages"}],"about":[{"href":"https:\/\/selfdigital.com.br\/it\/wp-json\/wp\/v2\/types\/page"}],"author":[{"embeddable":true,"href":"https:\/\/selfdigital.com.br\/it\/wp-json\/wp\/v2\/users\/1"}],"replies":[{"embeddable":true,"href":"https:\/\/selfdigital.com.br\/it\/wp-json\/wp\/v2\/comments?post=4624"}],"version-history":[{"count":1,"href":"https:\/\/selfdigital.com.br\/it\/wp-json\/wp\/v2\/pages\/4624\/revisions"}],"predecessor-version":[{"id":5300,"href":"https:\/\/selfdigital.com.br\/it\/wp-json\/wp\/v2\/pages\/4624\/revisions\/5300"}],"wp:attachment":[{"href":"https:\/\/selfdigital.com.br\/it\/wp-json\/wp\/v2\/media?parent=4624"}],"curies":[{"name":"parola chiave","href":"https:\/\/api.w.org\/{rel}","templated":true}]}}